{"id":81774,"date":"2024-11-12T08:33:09","date_gmt":"2024-11-12T08:33:09","guid":{"rendered":"https:\/\/planetemagicroad.com\/avvisi-legali\/"},"modified":"2025-10-07T06:23:58","modified_gmt":"2025-10-07T06:23:58","slug":"avvisi-legali","status":"publish","type":"page","link":"https:\/\/www.planeteconstructions.com\/it\/avvisi-legali\/","title":{"rendered":"AVVISI LEGALI"},"content":{"rendered":"\t\t<div data-elementor-type=\"wp-page\" data-elementor-id=\"81774\" class=\"elementor elementor-81774 elementor-81761\" data-elementor-post-type=\"page\">\n\t\t\t\t\t\t<section class=\"elementor-section elementor-top-section elementor-element elementor-element-88aeed4 elementor-section-boxed elementor-section-height-default elementor-section-height-default\" data-id=\"88aeed4\" data-element_type=\"section\" data-e-type=\"section\">\n\t\t\t\t\t\t<div class=\"elementor-container elementor-column-gap-default\">\n\t\t\t\t\t<div class=\" elementor-column elementor-col-33 elementor-top-column elementor-element elementor-element-ab82046\" data-fullscreen-column-settings=\"{&quot;fullscreen&quot;:&quot;&quot;}\" data-id=\"ab82046\" data-element_type=\"column\" data-e-type=\"column\">\n\t\t\t<div class=\"elementor-widget-wrap\">\n\t\t\t\t\t\t\t<\/div>\n\t\t<\/div>\n\t\t\t\t<div class=\" elementor-column elementor-col-33 elementor-top-column elementor-element elementor-element-5968989\" data-fullscreen-column-settings=\"{&quot;fullscreen&quot;:&quot;&quot;}\" data-id=\"5968989\" data-element_type=\"column\" data-e-type=\"column\">\n\t\t\t<div class=\"elementor-widget-wrap elementor-element-populated\">\n\t\t\t\t\t\t<div class=\"elementor-element elementor-element-01c89b7 elementor-widget elementor-widget-litho-heading\" data-id=\"01c89b7\" data-element_type=\"widget\" data-e-type=\"widget\" data-widget_type=\"litho-heading.default\">\n\t\t\t\t<div class=\"elementor-widget-container\">\n\t\t\t\t\t<h6 class=\"litho-heading elementor-size-default\"><span class=\"litho-primary-title\">Propriet\u00e0 del sito<\/span><\/h6>\t\t\t\t<\/div>\n\t\t\t\t<\/div>\n\t\t\t\t<div class=\"elementor-element elementor-element-26420ef elementor-widget elementor-widget-text-editor\" data-id=\"26420ef\" data-element_type=\"widget\" data-e-type=\"widget\" data-widget_type=\"text-editor.default\">\n\t\t\t\t<div class=\"elementor-widget-container\">\n\t\t\t\t\t\t\t\t\t<p>Questo sito web \u00e8 di propriet\u00e0 di <strong data-start=\"255\" data-end=\"285\">PLANETE CONSTRUCTIONS S\u00e0rl<\/strong>, registrata a Sion con il numero CHE-114.922.314.<\/p>\t\t\t\t\t\t\t\t<\/div>\n\t\t\t\t<\/div>\n\t\t\t\t<div class=\"elementor-element elementor-element-447ed8c elementor-widget elementor-widget-litho-heading\" data-id=\"447ed8c\" data-element_type=\"widget\" data-e-type=\"widget\" data-widget_type=\"litho-heading.default\">\n\t\t\t\t<div class=\"elementor-widget-container\">\n\t\t\t\t\t<h6 class=\"litho-heading elementor-size-default\"><span class=\"litho-primary-title\">BASI LEGALI<\/span><\/h6>\t\t\t\t<\/div>\n\t\t\t\t<\/div>\n\t\t\t\t<div class=\"elementor-element elementor-element-3abd8eb elementor-widget elementor-widget-text-editor\" data-id=\"3abd8eb\" data-element_type=\"widget\" data-e-type=\"widget\" data-widget_type=\"text-editor.default\">\n\t\t\t\t<div class=\"elementor-widget-container\">\n\t\t\t\t\t\t\t\t\t<p><strong>2 &#8211; Informazioni legali<\/strong><br>Il proprietario del sito non garantisce la completezza o l&#8217;accuratezza delle informazioni pubblicate sulla piattaforma.<br data-start=\"516\" data-end=\"519\">I dati personali raccolti vengono utilizzati esclusivamente per rispondere alle tue richieste o per inviarti informazioni sui servizi offerti dall&#8217;azienda.<br data-start=\"702\" data-end=\"705\">In nessun caso queste informazioni saranno vendute, affittate o cedute a terzi.<br data-start=\"787\" data-end=\"790\">I dati raccolti dal server possono essere utilizzati esclusivamente per fini statistici generali, con l&#8217;obiettivo di migliorare costantemente la qualit\u00e0 del sito.<br data-start=\"951\" data-end=\"954\">Nel caso in cui vengano forniti link a siti di terzi, il titolare non si assume alcuna responsabilit\u00e0 per il contenuto o le pratiche di protezione dei dati di questi siti esterni.<\/p><p><strong>3 &#8211; Quadro giuridico applicabile:<\/strong><br> 3<strong>.1<\/strong> La presente nota legale \u00e8 disciplinata e deve essere interpretata in conformit\u00e0 al diritto svizzero.<br> 3<strong>.2<\/strong> La <strong data-start=\"1325\" data-end=\"1377\">Legge federale sulla protezione dei dati (LPD<\/strong> ) \u00e8 il riferimento giuridico per la gestione dei dati personali.<br data-start=\"1449\" data-end=\"1452\">Testo legale: https: <a class=\"decorated-link\" href=\"https:\/\/www.fedlex.admin.ch\/eli\/cc\/2022\/491\/fr\" target=\"_new\" rel=\"noopener\" data-start=\"1467\" data-end=\"1563\">\/\/www.fedlex.admin.ch\/eli\/cc\/2022\/491\/fr<\/a><\/p><p><strong>4 &#8211; Foro competente<\/strong><br>In caso di controversia, il foro ordinario situato presso la sede legale della Societ\u00e0 (vedi punto 1) avr\u00e0 giurisdizione esclusiva.<\/p>\t\t\t\t\t\t\t\t<\/div>\n\t\t\t\t<\/div>\n\t\t\t\t<div class=\"elementor-element elementor-element-8961ac2 elementor-widget elementor-widget-litho-heading\" data-id=\"8961ac2\" data-element_type=\"widget\" data-e-type=\"widget\" data-widget_type=\"litho-heading.default\">\n\t\t\t\t<div class=\"elementor-widget-container\">\n\t\t\t\t\t<h6 class=\"litho-heading elementor-size-default\"><span class=\"litho-primary-title\">CONTATTO E POSIZIONE DEI SERVER<\/span><\/h6>\t\t\t\t<\/div>\n\t\t\t\t<\/div>\n\t\t\t\t<div class=\"elementor-element elementor-element-ac7ede6 elementor-widget elementor-widget-text-editor\" data-id=\"ac7ede6\" data-element_type=\"widget\" data-e-type=\"widget\" data-widget_type=\"text-editor.default\">\n\t\t\t\t<div class=\"elementor-widget-container\">\n\t\t\t\t\t\t\t\t\t<p><strong>5 &#8211; Supporto tecnico e design<\/strong><br>Lo sviluppo grafico e tecnico del sito web \u00e8 curato da <a href=\"http:\/\/www.inod-ia.com\"><span style=\"color: #0062af;\"><strong>INODIA<\/strong><\/span><\/a> <strong data-start=\"1846\" data-end=\"1892\">Co Ltd &#8211; Agenzia Web Internazionale<\/strong>.<\/p><p>Contatto: <a class=\"decorated-link cursor-pointer\" href=\"mailto:info@inod-ia.com\" rel=\"noopener\" data-start=\"1906\" data-end=\"1922\"><span style=\"color: #0062af;\">info@inod-ia.com<\/span><\/a><\/p><p><strong>6 &#8211; Host<\/strong><br>Infomaniak S.A., 25 Eug\u00e8ne-Marziano, 1227 Les Acacias, www.infomaniak.com<\/p>\t\t\t\t\t\t\t\t<\/div>\n\t\t\t\t<\/div>\n\t\t\t\t<div class=\"elementor-element elementor-element-0cb05c6 elementor-widget elementor-widget-litho-heading\" data-id=\"0cb05c6\" data-element_type=\"widget\" data-e-type=\"widget\" data-widget_type=\"litho-heading.default\">\n\t\t\t\t<div class=\"elementor-widget-container\">\n\t\t\t\t\t<h6 class=\"litho-heading elementor-size-default\"><span class=\"litho-primary-title\">PROPRIET\u00c0 INTELLETTUALE, CONTRAFFAZIONE E COPYRIGHT<\/span><\/h6>\t\t\t\t<\/div>\n\t\t\t\t<\/div>\n\t\t\t\t<div class=\"elementor-element elementor-element-10abdfe elementor-widget elementor-widget-text-editor\" data-id=\"10abdfe\" data-element_type=\"widget\" data-e-type=\"widget\" data-widget_type=\"text-editor.default\">\n\t\t\t\t<div class=\"elementor-widget-container\">\n\t\t\t\t\t\t\t\t\t<p><strong>7 &#8211; Propriet\u00e0 intellettuale e contraffazione<\/strong><br>Il proprietario di questo sito detiene i diritti di propriet\u00e0 intellettuale e di utilizzo di tutti gli elementi accessibili sul sito, in particolare: testi, immagini, grafici, loghi, icone, ecc. <a href=\"http:\/\/www.inod-ia.com\"><span style=\"color: #0062af;\"><strong>INODIA<\/strong><\/span><\/a> Co Ltd detiene i diritti di propriet\u00e0 intellettuale sul design e sulla struttura del sito. \u00c8 vietata la riproduzione, la rappresentazione, la modifica, la pubblicazione, l&#8217;adattamento di tutti o parte degli elementi del sito, qualunque sia il mezzo o il processo utilizzato, salvo previa autorizzazione scritta dei proprietari del sito. Qualsiasi utilizzo non autorizzato del sito o di uno qualsiasi degli elementi in esso contenuti sar\u00e0 considerato una violazione e sar\u00e0 perseguito in conformit\u00e0 alle disposizioni di legge.  <\/p><p><strong>8 &#8211; Copyright<\/strong><br>Tutti i contenuti di questo sito sono di propriet\u00e0 di <span style=\"color: #0062af;\"><strong><a>INODIA <\/a><\/strong><\/span>e del suo autore e sono soggetti alla legislazione internazionale sul diritto d&#8217;autore, sul diritto dei marchi e, in generale, sulla propriet\u00e0 intellettuale. In nessun caso l&#8217;editore del sito web potr\u00e0 essere ritenuto responsabile di eventuali violazioni dei diritti d&#8217;immagine o del copyright in relazione agli elementi presenti sul sito web. In via eccezionale, alcuni contenuti (testi, immagini) sono di propriet\u00e0 dei rispettivi autori. \u00c8 vietata la riproduzione, totale o parziale, del contenuto di questo sito su qualsiasi supporto o con qualsiasi procedimento senza l&#8217;espressa autorizzazione dell&#8217;autore. L&#8217;inosservanza di questo divieto costituisce un&#8217;infrazione passibile di responsabilit\u00e0 civile e penale per il trasgressore.    <\/p>\t\t\t\t\t\t\t\t<\/div>\n\t\t\t\t<\/div>\n\t\t\t\t<div class=\"elementor-element elementor-element-85a5cf4 elementor-widget elementor-widget-litho-heading\" data-id=\"85a5cf4\" data-element_type=\"widget\" data-e-type=\"widget\" data-widget_type=\"litho-heading.default\">\n\t\t\t\t<div class=\"elementor-widget-container\">\n\t\t\t\t\t<h6 class=\"litho-heading elementor-size-default\"><span class=\"litho-primary-title\">COLLEGAMENTI E RESPONSABILIT\u00c0<\/span><\/h6>\t\t\t\t<\/div>\n\t\t\t\t<\/div>\n\t\t\t\t<div class=\"elementor-element elementor-element-7794b10 elementor-widget elementor-widget-text-editor\" data-id=\"7794b10\" data-element_type=\"widget\" data-e-type=\"widget\" data-widget_type=\"text-editor.default\">\n\t\t\t\t<div class=\"elementor-widget-container\">\n\t\t\t\t\t\t\t\t\t<p><strong>9 &#8211; Link ipertestuali<\/strong><br>Il sito pu\u00f2 contenere link a siti web esterni.<br data-start=\"3635\" data-end=\"3638\">Il proprietario e l&#8217;editore non hanno alcun controllo su queste piattaforme e non si assumono alcuna responsabilit\u00e0 per il loro contenuto.<\/p><p><strong>10 &#8211; Limitazione di responsabilit\u00e0<\/strong><br>Il proprietario e l&#8217;editore non garantiscono l&#8217;accuratezza, l&#8217;attualit\u00e0, l&#8217;affidabilit\u00e0 o la completezza delle informazioni contenute nel sito.<br data-start=\"3959\" data-end=\"3962\">Sono escluse tutte le richieste di risarcimento per danni materiali o immateriali derivanti da errori, difetti tecnici o informazioni pubblicate.<br data-start=\"4100\" data-end=\"4103\">Il proprietario si riserva il diritto di modificare, sospendere temporaneamente o eliminare definitivamente tutto o parte del sito senza preavviso.<\/p>\t\t\t\t\t\t\t\t<\/div>\n\t\t\t\t<\/div>\n\t\t\t\t<div class=\"elementor-element elementor-element-6b7daac elementor-widget elementor-widget-litho-heading\" data-id=\"6b7daac\" data-element_type=\"widget\" data-e-type=\"widget\" data-widget_type=\"litho-heading.default\">\n\t\t\t\t<div class=\"elementor-widget-container\">\n\t\t\t\t\t<h6 class=\"litho-heading elementor-size-default\"><span class=\"litho-primary-title\">MODIFICHE E REVISIONI<\/span><\/h6>\t\t\t\t<\/div>\n\t\t\t\t<\/div>\n\t\t\t\t<div class=\"elementor-element elementor-element-b5841b9 elementor-widget elementor-widget-text-editor\" data-id=\"b5841b9\" data-element_type=\"widget\" data-e-type=\"widget\" data-widget_type=\"text-editor.default\">\n\t\t\t\t<div class=\"elementor-widget-container\">\n\t\t\t\t\t\t\t\t\t<strong>11. Modifiche alla nota legale<\/strong>\nLa presente nota legale e l&#8217;informativa sulla privacy possono essere modificate in qualsiasi momento.<br data-start=\"4424\" data-end=\"4427\">Ti invitiamo a consultarle regolarmente per rimanere informato su eventuali aggiornamenti.\n\n<strong>12. Revisioni<\/strong>\n01.09.2023: adeguamenti in linea con la nuova LPD 2023\n27.11.2023: aggiunta dell&#8217;elenco dei servizi che possono accedere ai tuoi dati e aggiunta dei tuoi diritti\n23.02.2024: separazione della <a href=\"https:\/\/www.planeteconstructions.com\/it\/informativa-sulla-privacy\/\"><span style=\"color: #0062af;\">informativa sulla privacy<\/span><\/a> (che costituisce parte integrante del presente avviso legale)\t\t\t\t\t\t\t\t<\/div>\n\t\t\t\t<\/div>\n\t\t\t\t<div class=\"elementor-element elementor-element-efe6313 elementor-widget elementor-widget-litho-heading\" data-id=\"efe6313\" data-element_type=\"widget\" data-e-type=\"widget\" data-widget_type=\"litho-heading.default\">\n\t\t\t\t<div class=\"elementor-widget-container\">\n\t\t\t\t\t<h6 class=\"litho-heading elementor-size-default\"><span class=\"litho-primary-title\">EDIZIONE CORRENTE<\/span><\/h6>\t\t\t\t<\/div>\n\t\t\t\t<\/div>\n\t\t\t\t<div class=\"elementor-element elementor-element-ba922ac elementor-widget elementor-widget-text-editor\" data-id=\"ba922ac\" data-element_type=\"widget\" data-e-type=\"widget\" data-widget_type=\"text-editor.default\">\n\t\t\t\t<div class=\"elementor-widget-container\">\n\t\t\t\t\t\t\t\t\t<p>Revisione del 18.11.2024<\/p>\t\t\t\t\t\t\t\t<\/div>\n\t\t\t\t<\/div>\n\t\t\t\t\t<\/div>\n\t\t<\/div>\n\t\t\t\t<div class=\" elementor-column elementor-col-33 elementor-top-column elementor-element elementor-element-b764c9e\" data-fullscreen-column-settings=\"{&quot;fullscreen&quot;:&quot;&quot;}\" data-id=\"b764c9e\" data-element_type=\"column\" data-e-type=\"column\">\n\t\t\t<div class=\"elementor-widget-wrap\">\n\t\t\t\t\t\t\t<\/div>\n\t\t<\/div>\n\t\t\t\t\t<\/div>\n\t\t<\/section>\n\t\t\t\t<\/div>\n\t\t","protected":false},"excerpt":{"rendered":"<p>Propriet\u00e0 del sito Questo sito web \u00e8 di propriet\u00e0 di PLANETE CONSTRUCTIONS S\u00e0rl, registrata a Sion con il numero CHE-114.922.314. BASI LEGALI 2 &#8211; Informazioni legaliIl proprietario del sito non garantisce la completezza o l&#8217;accuratezza delle informazioni pubblicate sulla piattaforma.I dati personali raccolti vengono utilizzati esclusivamente per rispondere alle tue richieste o per inviarti informazioni [&hellip;]<\/p>\n","protected":false},"author":1,"featured_media":0,"parent":0,"menu_order":0,"comment_status":"closed","ping_status":"closed","template":"","meta":{"footnotes":""},"class_list":["post-81774","page","type-page","status-publish","hentry"],"_links":{"self":[{"href":"https:\/\/www.planeteconstructions.com\/it\/wp-json\/wp\/v2\/pages\/81774","targetHints":{"allow":["GET"]}}],"collection":[{"href":"https:\/\/www.planeteconstructions.com\/it\/wp-json\/wp\/v2\/pages"}],"about":[{"href":"https:\/\/www.planeteconstructions.com\/it\/wp-json\/wp\/v2\/types\/page"}],"author":[{"embeddable":true,"href":"https:\/\/www.planeteconstructions.com\/it\/wp-json\/wp\/v2\/users\/1"}],"replies":[{"embeddable":true,"href":"https:\/\/www.planeteconstructions.com\/it\/wp-json\/wp\/v2\/comments?post=81774"}],"version-history":[{"count":4,"href":"https:\/\/www.planeteconstructions.com\/it\/wp-json\/wp\/v2\/pages\/81774\/revisions"}],"predecessor-version":[{"id":83350,"href":"https:\/\/www.planeteconstructions.com\/it\/wp-json\/wp\/v2\/pages\/81774\/revisions\/83350"}],"wp:attachment":[{"href":"https:\/\/www.planeteconstructions.com\/it\/wp-json\/wp\/v2\/media?parent=81774"}],"curies":[{"name":"wp","href":"https:\/\/api.w.org\/{rel}","templated":true}]}}