{"id":81772,"date":"2024-11-12T08:33:09","date_gmt":"2024-11-12T08:33:09","guid":{"rendered":"https:\/\/planetemagicroad.com\/avisos-legales\/"},"modified":"2025-10-07T06:23:58","modified_gmt":"2025-10-07T06:23:58","slug":"avisos-legales","status":"publish","type":"page","link":"https:\/\/www.planeteconstructions.com\/es\/avisos-legales\/","title":{"rendered":"AVISOS LEGALES"},"content":{"rendered":"\t\t<div data-elementor-type=\"wp-page\" data-elementor-id=\"81772\" class=\"elementor elementor-81772 elementor-81761\" data-elementor-post-type=\"page\">\n\t\t\t\t\t\t<section class=\"elementor-section elementor-top-section elementor-element elementor-element-88aeed4 elementor-section-boxed elementor-section-height-default elementor-section-height-default\" data-id=\"88aeed4\" data-element_type=\"section\" data-e-type=\"section\">\n\t\t\t\t\t\t<div class=\"elementor-container elementor-column-gap-default\">\n\t\t\t\t\t<div class=\" elementor-column elementor-col-33 elementor-top-column elementor-element elementor-element-ab82046\" data-fullscreen-column-settings=\"{&quot;fullscreen&quot;:&quot;&quot;}\" data-id=\"ab82046\" data-element_type=\"column\" data-e-type=\"column\">\n\t\t\t<div class=\"elementor-widget-wrap\">\n\t\t\t\t\t\t\t<\/div>\n\t\t<\/div>\n\t\t\t\t<div class=\" elementor-column elementor-col-33 elementor-top-column elementor-element elementor-element-5968989\" data-fullscreen-column-settings=\"{&quot;fullscreen&quot;:&quot;&quot;}\" data-id=\"5968989\" data-element_type=\"column\" data-e-type=\"column\">\n\t\t\t<div class=\"elementor-widget-wrap elementor-element-populated\">\n\t\t\t\t\t\t<div class=\"elementor-element elementor-element-01c89b7 elementor-widget elementor-widget-litho-heading\" data-id=\"01c89b7\" data-element_type=\"widget\" data-e-type=\"widget\" data-widget_type=\"litho-heading.default\">\n\t\t\t\t<div class=\"elementor-widget-container\">\n\t\t\t\t\t<h6 class=\"litho-heading elementor-size-default\"><span class=\"litho-primary-title\">Propiedad del solar<\/span><\/h6>\t\t\t\t<\/div>\n\t\t\t\t<\/div>\n\t\t\t\t<div class=\"elementor-element elementor-element-26420ef elementor-widget elementor-widget-text-editor\" data-id=\"26420ef\" data-element_type=\"widget\" data-e-type=\"widget\" data-widget_type=\"text-editor.default\">\n\t\t\t\t<div class=\"elementor-widget-container\">\n\t\t\t\t\t\t\t\t\t<p>Este sitio web es propiedad de <strong data-start=\"255\" data-end=\"285\">PLANETE CONSTRUCTIONS S\u00e0rl<\/strong>, registrada en Sion con el n\u00famero CHE-114.922.314.<\/p>\t\t\t\t\t\t\t\t<\/div>\n\t\t\t\t<\/div>\n\t\t\t\t<div class=\"elementor-element elementor-element-447ed8c elementor-widget elementor-widget-litho-heading\" data-id=\"447ed8c\" data-element_type=\"widget\" data-e-type=\"widget\" data-widget_type=\"litho-heading.default\">\n\t\t\t\t<div class=\"elementor-widget-container\">\n\t\t\t\t\t<h6 class=\"litho-heading elementor-size-default\"><span class=\"litho-primary-title\">FUNDAMENTOS JUR\u00cdDICOS<\/span><\/h6>\t\t\t\t<\/div>\n\t\t\t\t<\/div>\n\t\t\t\t<div class=\"elementor-element elementor-element-3abd8eb elementor-widget elementor-widget-text-editor\" data-id=\"3abd8eb\" data-element_type=\"widget\" data-e-type=\"widget\" data-widget_type=\"text-editor.default\">\n\t\t\t\t<div class=\"elementor-widget-container\">\n\t\t\t\t\t\t\t\t\t<p><strong>2 &#8211; Informaci\u00f3n legal<\/strong><br>El propietario del sitio no garantiza la integridad ni la exactitud de la informaci\u00f3n publicada en la plataforma.<br data-start=\"516\" data-end=\"519\">Los datos personales recogidos se utilizan exclusivamente para responder a tus solicitudes o para enviarte informaci\u00f3n sobre los servicios ofrecidos por la empresa.<br data-start=\"702\" data-end=\"705\">En ning\u00fan caso se vender\u00e1, alquilar\u00e1 o transmitir\u00e1 esta informaci\u00f3n a terceros.<br data-start=\"787\" data-end=\"790\">Los datos recogidos por el servidor pueden utilizarse \u00fanicamente con fines estad\u00edsticos generales, con el objetivo de mejorar continuamente la calidad del sitio.<br data-start=\"951\" data-end=\"954\">Cuando se proporcionan enlaces a sitios de terceros, el propietario no acepta ninguna responsabilidad por el contenido o las pr\u00e1cticas de protecci\u00f3n de datos de estos sitios externos.<\/p><p><strong>3 &#8211; Marco legal aplicable:<\/strong><br> 3<strong>.1<\/strong> Este aviso legal se rige y debe interpretarse de acuerdo con la legislaci\u00f3n suiza.<br> 3<strong>.2<\/strong> La <strong data-start=\"1325\" data-end=\"1377\">Ley Federal de Protecci\u00f3n de Datos (LFPD<\/strong> ) es la referencia legal para la gesti\u00f3n de datos personales.<br data-start=\"1449\" data-end=\"1452\">Texto legal: https: <a class=\"decorated-link\" href=\"https:\/\/www.fedlex.admin.ch\/eli\/cc\/2022\/491\/fr\" target=\"_new\" rel=\"noopener\" data-start=\"1467\" data-end=\"1563\">\/\/www.fedlex.admin.ch\/eli\/cc\/2022\/491\/fr<\/a><\/p><p><strong>4 &#8211; Tribunal competente<\/strong><br>En caso de litigio, los tribunales ordinarios situados en el domicilio social de la empresa (ver punto 1) tendr\u00e1n jurisdicci\u00f3n exclusiva.<\/p>\t\t\t\t\t\t\t\t<\/div>\n\t\t\t\t<\/div>\n\t\t\t\t<div class=\"elementor-element elementor-element-8961ac2 elementor-widget elementor-widget-litho-heading\" data-id=\"8961ac2\" data-element_type=\"widget\" data-e-type=\"widget\" data-widget_type=\"litho-heading.default\">\n\t\t\t\t<div class=\"elementor-widget-container\">\n\t\t\t\t\t<h6 class=\"litho-heading elementor-size-default\"><span class=\"litho-primary-title\">CONTACTO Y UBICACI\u00d3N DE LOS SERVIDORES<\/span><\/h6>\t\t\t\t<\/div>\n\t\t\t\t<\/div>\n\t\t\t\t<div class=\"elementor-element elementor-element-ac7ede6 elementor-widget elementor-widget-text-editor\" data-id=\"ac7ede6\" data-element_type=\"widget\" data-e-type=\"widget\" data-widget_type=\"text-editor.default\">\n\t\t\t\t<div class=\"elementor-widget-container\">\n\t\t\t\t\t\t\t\t\t<p><strong>5 &#8211; Soporte t\u00e9cnico y dise\u00f1o<\/strong><br>El desarrollo gr\u00e1fico y t\u00e9cnico del sitio web corre a cargo de <a href=\"http:\/\/www.inod-ia.com\"><span style=\"color: #0062af;\"><strong>INODIA<\/strong><\/span><\/a> <strong data-start=\"1846\" data-end=\"1892\">Co Ltd &#8211; Agencia Web Internacional<\/strong>.<\/p><p>Ponte en contacto con <a class=\"decorated-link cursor-pointer\" href=\"mailto:info@inod-ia.com\" rel=\"noopener\" data-start=\"1906\" data-end=\"1922\"><span style=\"color: #0062af;\">info@inod-ia.com<\/span><\/a><\/p><p><strong>6 &#8211; Anfitri\u00f3n<\/strong><br>Infomaniak S.A., 25 Eug\u00e8ne-Marziano, 1227 Les Acacias, www.infomaniak.com<\/p>\t\t\t\t\t\t\t\t<\/div>\n\t\t\t\t<\/div>\n\t\t\t\t<div class=\"elementor-element elementor-element-0cb05c6 elementor-widget elementor-widget-litho-heading\" data-id=\"0cb05c6\" data-element_type=\"widget\" data-e-type=\"widget\" data-widget_type=\"litho-heading.default\">\n\t\t\t\t<div class=\"elementor-widget-container\">\n\t\t\t\t\t<h6 class=\"litho-heading elementor-size-default\"><span class=\"litho-primary-title\">PROPIEDAD INTELECTUAL, FALSIFICACI\u00d3N Y DERECHOS DE AUTOR<\/span><\/h6>\t\t\t\t<\/div>\n\t\t\t\t<\/div>\n\t\t\t\t<div class=\"elementor-element elementor-element-10abdfe elementor-widget elementor-widget-text-editor\" data-id=\"10abdfe\" data-element_type=\"widget\" data-e-type=\"widget\" data-widget_type=\"text-editor.default\">\n\t\t\t\t<div class=\"elementor-widget-container\">\n\t\t\t\t\t\t\t\t\t<p><strong>7 &#8211; Propiedad intelectual y falsificaci\u00f3n<\/strong><br>El propietario de este sitio es titular de los derechos de propiedad intelectual y de uso de todos los elementos accesibles en el sitio, en particular: textos, im\u00e1genes, gr\u00e1ficos, logotipos, iconos, etc. <a href=\"http:\/\/www.inod-ia.com\"><span style=\"color: #0062af;\"><strong>INODIA<\/strong><\/span><\/a> Co Ltd posee los derechos de propiedad intelectual sobre el dise\u00f1o y la estructura del sitio web. Cualquier reproducci\u00f3n, representaci\u00f3n, modificaci\u00f3n, publicaci\u00f3n, adaptaci\u00f3n de la totalidad o parte de los elementos del sitio, sea cual sea el medio o procedimiento utilizado, est\u00e1 prohibida, salvo autorizaci\u00f3n previa por escrito de los propietarios de este sitio. Cualquier uso no autorizado del sitio o de cualquiera de los elementos que contiene se considerar\u00e1 constitutivo de infracci\u00f3n y ser\u00e1 perseguido de conformidad con las disposiciones legales.  <\/p><p><strong>8 &#8211; Copyright<\/strong><br>Todo el contenido de este sitio web es propiedad de <span style=\"color: #0062af;\"><strong><a>INODIA <\/a><\/strong><\/span>y de su autor y est\u00e1n sujetos a la legislaci\u00f3n internacional sobre derechos de autor, derecho de marcas y, en general, sobre propiedad intelectual. En ning\u00fan caso el editor del sitio web podr\u00e1 ser considerado responsable de cualquier infracci\u00f3n de los derechos de imagen o de autor con respecto a los elementos presentes en el sitio web. A t\u00edtulo excepcional, determinados contenidos (textos, im\u00e1genes) son propiedad de sus respectivos autores. Queda prohibida cualquier reproducci\u00f3n, total o parcial, del contenido de este sitio en cualquier soporte o por cualquier procedimiento sin la autorizaci\u00f3n expresa del autor. El incumplimiento de esta prohibici\u00f3n constituye una infracci\u00f3n susceptible de incurrir en la responsabilidad civil y penal del infractor.    <\/p>\t\t\t\t\t\t\t\t<\/div>\n\t\t\t\t<\/div>\n\t\t\t\t<div class=\"elementor-element elementor-element-85a5cf4 elementor-widget elementor-widget-litho-heading\" data-id=\"85a5cf4\" data-element_type=\"widget\" data-e-type=\"widget\" data-widget_type=\"litho-heading.default\">\n\t\t\t\t<div class=\"elementor-widget-container\">\n\t\t\t\t\t<h6 class=\"litho-heading elementor-size-default\"><span class=\"litho-primary-title\">ENLACES Y RESPONSABILIDADES<\/span><\/h6>\t\t\t\t<\/div>\n\t\t\t\t<\/div>\n\t\t\t\t<div class=\"elementor-element elementor-element-7794b10 elementor-widget elementor-widget-text-editor\" data-id=\"7794b10\" data-element_type=\"widget\" data-e-type=\"widget\" data-widget_type=\"text-editor.default\">\n\t\t\t\t<div class=\"elementor-widget-container\">\n\t\t\t\t\t\t\t\t\t<p><strong>9 &#8211; Enlaces de hipertexto<\/strong><br>El sitio puede contener enlaces a sitios web externos.<br data-start=\"3635\" data-end=\"3638\">El propietario y el editor no tienen ning\u00fan control sobre estas plataformas y no aceptan ninguna responsabilidad por su contenido.<\/p><p><strong>10 &#8211; Limitaci\u00f3n de responsabilidad<\/strong><br>El propietario y el editor no garantizan la exactitud, actualidad, fiabilidad o exhaustividad de la informaci\u00f3n contenida en el sitio.<br data-start=\"3959\" data-end=\"3962\">Queda excluida toda reclamaci\u00f3n por da\u00f1os materiales o inmateriales derivados de errores, fallos t\u00e9cnicos o de la informaci\u00f3n publicada.<br data-start=\"4100\" data-end=\"4103\">El propietario se reserva el derecho de modificar, suspender temporalmente o suprimir definitivamente la totalidad o parte del sitio sin previo aviso.<\/p>\t\t\t\t\t\t\t\t<\/div>\n\t\t\t\t<\/div>\n\t\t\t\t<div class=\"elementor-element elementor-element-6b7daac elementor-widget elementor-widget-litho-heading\" data-id=\"6b7daac\" data-element_type=\"widget\" data-e-type=\"widget\" data-widget_type=\"litho-heading.default\">\n\t\t\t\t<div class=\"elementor-widget-container\">\n\t\t\t\t\t<h6 class=\"litho-heading elementor-size-default\"><span class=\"litho-primary-title\">MODIFICACIONES Y REVISIONES<\/span><\/h6>\t\t\t\t<\/div>\n\t\t\t\t<\/div>\n\t\t\t\t<div class=\"elementor-element elementor-element-b5841b9 elementor-widget elementor-widget-text-editor\" data-id=\"b5841b9\" data-element_type=\"widget\" data-e-type=\"widget\" data-widget_type=\"text-editor.default\">\n\t\t\t\t<div class=\"elementor-widget-container\">\n\t\t\t\t\t\t\t\t\t<strong>11. Cambios en el aviso legal<\/strong>\nEste aviso legal y la pol\u00edtica de privacidad pueden ser modificados en cualquier momento.<br data-start=\"4424\" data-end=\"4427\">Te invitamos a consultarlos regularmente para mantenerte informado de cualquier actualizaci\u00f3n.\n\n<strong>12. Revisiones<\/strong>\n01.09.2023: adaptaciones en l\u00ednea con la nueva DPA suiza 2023\n27.11.2023: adici\u00f3n de la lista de servicios que pueden acceder a tus datos &amp; adici\u00f3n de tus derechos\n23.02.2024: separaci\u00f3n de la <a href=\"https:\/\/www.planeteconstructions.com\/es\/politica-de-privacidad\/\"><span style=\"color: #0062af;\">pol\u00edtica de privacidad<\/span><\/a> (que forma parte integrante de este aviso legal)\t\t\t\t\t\t\t\t<\/div>\n\t\t\t\t<\/div>\n\t\t\t\t<div class=\"elementor-element elementor-element-efe6313 elementor-widget elementor-widget-litho-heading\" data-id=\"efe6313\" data-element_type=\"widget\" data-e-type=\"widget\" data-widget_type=\"litho-heading.default\">\n\t\t\t\t<div class=\"elementor-widget-container\">\n\t\t\t\t\t<h6 class=\"litho-heading elementor-size-default\"><span class=\"litho-primary-title\">EDICI\u00d3N ACTUAL<\/span><\/h6>\t\t\t\t<\/div>\n\t\t\t\t<\/div>\n\t\t\t\t<div class=\"elementor-element elementor-element-ba922ac elementor-widget elementor-widget-text-editor\" data-id=\"ba922ac\" data-element_type=\"widget\" data-e-type=\"widget\" data-widget_type=\"text-editor.default\">\n\t\t\t\t<div class=\"elementor-widget-container\">\n\t\t\t\t\t\t\t\t\t<p>Revisi\u00f3n del 18.11.2024<\/p>\t\t\t\t\t\t\t\t<\/div>\n\t\t\t\t<\/div>\n\t\t\t\t\t<\/div>\n\t\t<\/div>\n\t\t\t\t<div class=\" elementor-column elementor-col-33 elementor-top-column elementor-element elementor-element-b764c9e\" data-fullscreen-column-settings=\"{&quot;fullscreen&quot;:&quot;&quot;}\" data-id=\"b764c9e\" data-element_type=\"column\" data-e-type=\"column\">\n\t\t\t<div class=\"elementor-widget-wrap\">\n\t\t\t\t\t\t\t<\/div>\n\t\t<\/div>\n\t\t\t\t\t<\/div>\n\t\t<\/section>\n\t\t\t\t<\/div>\n\t\t","protected":false},"excerpt":{"rendered":"<p>Propiedad del solar Este sitio web es propiedad de PLANETE CONSTRUCTIONS S\u00e0rl, registrada en Sion con el n\u00famero CHE-114.922.314. FUNDAMENTOS JUR\u00cdDICOS 2 &#8211; Informaci\u00f3n legalEl propietario del sitio no garantiza la integridad ni la exactitud de la informaci\u00f3n publicada en la plataforma.Los datos personales recogidos se utilizan exclusivamente para responder a tus solicitudes o para [&hellip;]<\/p>\n","protected":false},"author":1,"featured_media":0,"parent":0,"menu_order":0,"comment_status":"closed","ping_status":"closed","template":"","meta":{"footnotes":""},"class_list":["post-81772","page","type-page","status-publish","hentry"],"_links":{"self":[{"href":"https:\/\/www.planeteconstructions.com\/es\/wp-json\/wp\/v2\/pages\/81772","targetHints":{"allow":["GET"]}}],"collection":[{"href":"https:\/\/www.planeteconstructions.com\/es\/wp-json\/wp\/v2\/pages"}],"about":[{"href":"https:\/\/www.planeteconstructions.com\/es\/wp-json\/wp\/v2\/types\/page"}],"author":[{"embeddable":true,"href":"https:\/\/www.planeteconstructions.com\/es\/wp-json\/wp\/v2\/users\/1"}],"replies":[{"embeddable":true,"href":"https:\/\/www.planeteconstructions.com\/es\/wp-json\/wp\/v2\/comments?post=81772"}],"version-history":[{"count":4,"href":"https:\/\/www.planeteconstructions.com\/es\/wp-json\/wp\/v2\/pages\/81772\/revisions"}],"predecessor-version":[{"id":83349,"href":"https:\/\/www.planeteconstructions.com\/es\/wp-json\/wp\/v2\/pages\/81772\/revisions\/83349"}],"wp:attachment":[{"href":"https:\/\/www.planeteconstructions.com\/es\/wp-json\/wp\/v2\/media?parent=81772"}],"curies":[{"name":"wp","href":"https:\/\/api.w.org\/{rel}","templated":true}]}}