{"id":81732,"date":"2020-02-06T08:17:05","date_gmt":"2020-02-06T08:17:05","guid":{"rendered":"https:\/\/planetemagicroad.com\/politica-de-privacidad\/"},"modified":"2025-09-16T10:22:21","modified_gmt":"2025-09-16T10:22:21","slug":"politica-de-privacidad","status":"publish","type":"page","link":"https:\/\/www.planeteconstructions.com\/es\/politica-de-privacidad\/","title":{"rendered":"POL\u00cdTICA DE PRIVACIDAD"},"content":{"rendered":"\t\t<div data-elementor-type=\"wp-page\" data-elementor-id=\"81732\" class=\"elementor elementor-81732 elementor-3\" data-elementor-post-type=\"page\">\n\t\t\t\t\t\t<section class=\"elementor-section elementor-top-section elementor-element elementor-element-642a197d elementor-section-boxed elementor-section-height-default elementor-section-height-default\" data-id=\"642a197d\" data-element_type=\"section\" data-e-type=\"section\">\n\t\t\t\t\t\t<div class=\"elementor-container elementor-column-gap-default\">\n\t\t\t\t\t<div class=\" elementor-column elementor-col-16 elementor-top-column elementor-element elementor-element-76e2ec6b elementor-hidden-tablet elementor-hidden-phone\" data-fullscreen-column-settings=\"{&quot;fullscreen&quot;:&quot;&quot;}\" data-id=\"76e2ec6b\" data-element_type=\"column\" data-e-type=\"column\">\n\t\t\t<div class=\"elementor-widget-wrap\">\n\t\t\t\t\t\t\t<\/div>\n\t\t<\/div>\n\t\t\t\t<div class=\" elementor-column elementor-col-66 elementor-top-column elementor-element elementor-element-90f3c64\" data-fullscreen-column-settings=\"{&quot;fullscreen&quot;:&quot;&quot;}\" data-id=\"90f3c64\" data-element_type=\"column\" data-e-type=\"column\">\n\t\t\t<div class=\"elementor-widget-wrap elementor-element-populated\">\n\t\t\t\t\t\t<div class=\"elementor-element elementor-element-59f0680 elementor-widget elementor-widget-litho-heading\" data-id=\"59f0680\" data-element_type=\"widget\" data-e-type=\"widget\" data-widget_type=\"litho-heading.default\">\n\t\t\t\t<div class=\"elementor-widget-container\">\n\t\t\t\t\t<h6 class=\"litho-heading elementor-size-default\"><span class=\"litho-primary-title\">Tus derechos y la protecci\u00f3n de datos<\/span><\/h6>\t\t\t\t<\/div>\n\t\t\t\t<\/div>\n\t\t\t\t<div class=\"elementor-element elementor-element-cc874a4 elementor-widget elementor-widget-text-editor\" data-id=\"cc874a4\" data-element_type=\"widget\" data-e-type=\"widget\" data-widget_type=\"text-editor.default\">\n\t\t\t\t<div class=\"elementor-widget-container\">\n\t\t\t\t\t\t\t\t\t<hr><p><strong>1. Tus derechos de protecci\u00f3n de datos<\/strong><\/p><p class=\"my-paragraphe\"><b>1.1<\/b> <strong>Derechos garantizados por la DPA: <\/strong> <\/p><p data-start=\"325\" data-end=\"499\">De conformidad con los art\u00edculos 25 y siguientes de la <strong data-start=\"372\" data-end=\"424\">Ley Federal de Protecci\u00f3n de Datos (LFPD<\/strong>), tienes los siguientes derechos en relaci\u00f3n con tus datos personales:<\/p><ul data-start=\"501\" data-end=\"1715\"><li data-start=\"501\" data-end=\"644\"><p data-start=\"503\" data-end=\"644\"><strong data-start=\"503\" data-end=\"520\">Derecho de acceso<\/strong>: puedes solicitar, en cualquier momento, conocer qu\u00e9 datos personales que te conciernen se recogen y tratan.<\/p><\/li><li data-start=\"645\" data-end=\"758\"><p data-start=\"647\" data-end=\"758\"><strong data-start=\"647\" data-end=\"672\">Derecho a la informaci\u00f3n<\/strong>: tienes derecho a ser informado sobre c\u00f3mo se utilizan tus datos.<\/p><\/li><li data-start=\"759\" data-end=\"903\"><p data-start=\"761\" data-end=\"903\"><strong data-start=\"761\" data-end=\"797\">Derecho a retirar el consentimiento<\/strong>: si tus datos se tratan sobre la base de tu consentimiento, puedes retirarlo en cualquier momento.<\/p><\/li><li data-start=\"904\" data-end=\"1014\"><p data-start=\"906\" data-end=\"1014\"><strong data-start=\"906\" data-end=\"928\">Derecho de oposici\u00f3n<\/strong>: puedes oponerte al tratamiento de tus datos personales en cualquier momento.<\/p><\/li><li data-start=\"1015\" data-end=\"1149\"><p data-start=\"1017\" data-end=\"1149\"><strong data-start=\"1017\" data-end=\"1043\">Derecho de rectificaci\u00f3n<\/strong>: tienes derecho a que se rectifiquen o completen tus datos si son inexactos o incompletos.<\/p><\/li><li data-start=\"1150\" data-end=\"1306\"><p data-start=\"1152\" data-end=\"1306\"><strong data-start=\"1152\" data-end=\"1191\">Derecho a limitar el tratamiento<\/strong>: con sujeci\u00f3n a las disposiciones legales, puedes solicitar que se limite el tratamiento de tus datos.<\/p><\/li><li data-start=\"1307\" data-end=\"1481\"><p data-start=\"1309\" data-end=\"1481\"><strong data-start=\"1309\" data-end=\"1333\">Derecho de supresi\u00f3n<\/strong>: puedes solicitar la supresi\u00f3n de tus datos personales, salvo que una obligaci\u00f3n legal o un inter\u00e9s leg\u00edtimo justifiquen su conservaci\u00f3n.<\/p><\/li><li data-start=\"1482\" data-end=\"1715\"><p data-start=\"1484\" data-end=\"1715\"><strong data-start=\"1484\" data-end=\"1522\">Derecho a la portabilidad de los datos<\/strong>: puedes solicitar la entrega o transferencia de tus datos en un formato electr\u00f3nico est\u00e1ndar, cuando se procesen autom\u00e1ticamente y sobre la base del consentimiento.<\/p><\/li><\/ul><p><b>1.2<\/b> <strong>L\u00edmites legales:<\/strong><\/p><p>Algunos derechos pueden estar restringidos en la medida permitida por la ley.<\/p><p><b>1.3 El ejercicio de los derechos es gratuito:<\/b><\/p><p>Salvo las excepciones previstas por la ley, el ejercicio de tus derechos es gratuito.<\/p><p><b>1.4 Procedimiento para ejercer tus derechos:<\/b><\/p><p data-start=\"2003\" data-end=\"2303\">Las solicitudes relativas al ejercicio de tus derechos deben dirigirse al responsable <strong data-start=\"2079\" data-end=\"2120\">del<\/strong> tratamiento de datos designado por el propietario del sitio.<br data-start=\"2158\" data-end=\"2161\">En ausencia de un responsable del tratamiento de datos designado, la solicitud puede enviarse directamente al propietario del sitio (v\u00e9ase el art\u00edculo 1 del <a href=\"https:\/\/www.planeteconstructions.com\/es\/avisos-legales\/\">aviso legal<\/a>).<\/p>\t\t\t\t\t\t\t\t<\/div>\n\t\t\t\t<\/div>\n\t\t\t\t<div class=\"elementor-element elementor-element-7875983 elementor-widget elementor-widget-litho-heading\" data-id=\"7875983\" data-element_type=\"widget\" data-e-type=\"widget\" data-widget_type=\"litho-heading.default\">\n\t\t\t\t<div class=\"elementor-widget-container\">\n\t\t\t\t\t<h6 class=\"litho-heading elementor-size-default\"><span class=\"litho-primary-title\">Protecci\u00f3n de datos y seguridad<\/span><\/h6>\t\t\t\t<\/div>\n\t\t\t\t<\/div>\n\t\t\t\t<div class=\"elementor-element elementor-element-95e5efb elementor-widget elementor-widget-text-editor\" data-id=\"95e5efb\" data-element_type=\"widget\" data-e-type=\"widget\" data-widget_type=\"text-editor.default\">\n\t\t\t\t<div class=\"elementor-widget-container\">\n\t\t\t\t\t\t\t\t\t<p><b>2.1 Enlaces externos<\/b><\/p><p data-start=\"2377\" data-end=\"2860\">Cuando se cre\u00f3 este sitio, se comprob\u00f3 cuidadosamente que todos los enlaces a sitios de terceros no contuvieran ning\u00fan contenido ilegal.<br data-start=\"2538\" data-end=\"2541\">Sin embargo, no tenemos ning\u00fan tipo de influencia sobre el contenido de estos sitios externos.<br data-start=\"2621\" data-end=\"2624\">La responsabilidad de dicho contenido recae exclusivamente en el proveedor de servicios en cuesti\u00f3n.<br data-start=\"2701\" data-end=\"2704\">Si tienes conocimiento de un enlace a un sitio ilegal, inf\u00f3rmanos para que podamos comprobarlo y, si es necesario, eliminar el enlace.<\/p><p><b>2.2 Recogida y uso de la informaci\u00f3n<\/b><\/p><p data-start=\"2918\" data-end=\"3064\">Puedes navegar por nuestro sitio sin tener que facilitar ning\u00fan dato personal.<br data-start=\"2999\" data-end=\"3002\">Determinados datos t\u00e9cnicos no identificables, como :<\/p><ul data-start=\"3065\" data-end=\"3188\"><li data-start=\"3065\" data-end=\"3086\"><p data-start=\"3067\" data-end=\"3086\">tu direcci\u00f3n IP,<\/p><\/li><li data-start=\"3087\" data-end=\"3113\"><p data-start=\"3089\" data-end=\"3113\">el navegador utilizado,<\/p><\/li><li data-start=\"3114\" data-end=\"3153\"><p data-start=\"3116\" data-end=\"3153\">la fecha y hora de tu visita,<\/p><\/li><li data-start=\"3154\" data-end=\"3188\"><p data-start=\"3156\" data-end=\"3188\">o la \u00faltima p\u00e1gina vista,<\/p><\/li><\/ul><p data-start=\"3190\" data-end=\"3343\">puede recopilarse de forma an\u00f3nima. Esta informaci\u00f3n se utiliza \u00fanicamente para analizar tendencias y mejorar nuestro sitio. <\/p><p data-start=\"3345\" data-end=\"3795\">Para proteger tu privacidad, <strong data-start=\"3389\" data-end=\"3409\">Google Analytics<\/strong> anonimiza el \u00faltimo byte de tu direcci\u00f3n IP (<a class=\"decorated-link\" href=\"https:\/\/tinyurl.com\/yc8dwvnrp\" target=\"_new\" rel=\"noopener\" data-start=\"3458\" data-end=\"3514\"><span style=\"color: #0062af;\">m\u00e1s informaci\u00f3n aqu\u00ed<\/span><\/a>).<br data-start=\"3516\" data-end=\"3519\">Puedes desactivar Google Analytics haciendo clic en este enlace : <a class=\"decorated-link\" href=\"https:\/\/tinyurl.com\/5yujhb8c\" target=\"_new\" rel=\"noopener\" data-start=\"3585\" data-end=\"3644\"><span style=\"color: #0062af;\">Desactivar Google Analytics<\/span><\/a>.<br data-start=\"3645\" data-end=\"3648\">A continuaci\u00f3n, se instalar\u00e1 en tu dispositivo una cookie de inhabilitaci\u00f3n para impedir que se sigan recopilando tus datos en futuras visitas.<\/p><p><b>2.3 Transmisi\u00f3n de datos a terceros<\/b><\/p><p data-start=\"3849\" data-end=\"3962\">Los datos recogidos no se venden, alquilan ni comparten con terceros, excepto en los siguientes casos:<\/p><ul data-start=\"3963\" data-end=\"4206\"><li data-start=\"3963\" data-end=\"4101\"><p data-start=\"3965\" data-end=\"4101\">Cuando sea estrictamente necesario para permitir que <strong data-start=\"4026\" data-end=\"4051\">proveedores de servicios externos<\/strong> procesen determinados datos en nuestro nombre.<\/p><\/li><li data-start=\"4102\" data-end=\"4206\"><p data-start=\"4104\" data-end=\"4206\">Estos proveedores de servicios se comprometen a cumplir la legislaci\u00f3n sobre protecci\u00f3n de datos y seguridad.<\/p><\/li><\/ul><p data-start=\"4208\" data-end=\"4238\"><strong data-start=\"4208\" data-end=\"4236\">Proveedores de servicios afectados:<\/strong><\/p><ul data-start=\"4239\" data-end=\"4424\"><li data-start=\"4239\" data-end=\"4424\"><p data-start=\"4241\" data-end=\"4424\"><strong data-start=\"4241\" data-end=\"4256\">Google Inc<\/strong> (Google Analytics &#8211; estad\u00edsticas de visitas).<br data-start=\"4308\" data-end=\"4311\">Las condiciones de uso de Google est\u00e1n disponibles <a class=\"decorated-link\" href=\"https:\/\/policies.google.com\/terms?hl=fr&amp;gl=ch\" target=\"_new\" rel=\"noopener\" data-start=\"4369\" data-end=\"4421\">aqu\u00ed<\/a>.<\/p><\/li><\/ul><blockquote data-start=\"4426\" data-end=\"5079\"><p data-start=\"4428\" data-end=\"5079\"><strong data-start=\"4428\" data-end=\"4466\">C\u00f3mo funciona Google Analytics<\/strong><br data-start=\"4466\" data-end=\"4469\">Google Analytics utiliza cookies para analizar el uso que hacen los usuarios del sitio web. La informaci\u00f3n generada, incluyendo tu direcci\u00f3n IP, ser\u00e1 directamente transmitida y archivada por Google en los servidores de Estados Unidos.<br data-start=\"4674\" data-end=\"4677\">Google podr\u00e1 transmitir dicha informaci\u00f3n a terceros cuando as\u00ed se lo requiera la legislaci\u00f3n, o cuando dichos terceros procesen la informaci\u00f3n por cuenta de Google.<br data-start=\"4833\" data-end=\"4836\">Tu direcci\u00f3n IP no ser\u00e1 asociada con ning\u00fan otro dato del que disponga Google.<br data-start=\"4916\" data-end=\"4919\">Puedes rechazar el uso de cookies mediante la selecci\u00f3n de la configuraci\u00f3n apropiada de tu navegador, sin embargo, debes saber que si lo haces puede ser que no puedas usar la plena funcionabilidad de este sitio web. Sin embargo, algunas funciones del sitio pueden estar limitadas.  <\/p><\/blockquote><p data-start=\"5081\" data-end=\"5219\">Al utilizar este sitio web, consientes el tratamiento de informaci\u00f3n acerca de ti por Google en la forma y para los fines arriba indicados.<\/p><p><b>2.4 Cookies<\/b><\/p><p data-start=\"5244\" data-end=\"5401\">Este sitio utiliza <strong data-start=\"5264\" data-end=\"5275\">cookies<\/strong> (en particular a trav\u00e9s de Google Analytics) para mejorar tu experiencia de usuario.<br data-start=\"5353\" data-end=\"5356\">Tu navegador puede configurarse para :<\/p><ul data-start=\"5402\" data-end=\"5500\"><li data-start=\"5402\" data-end=\"5457\"><p data-start=\"5404\" data-end=\"5457\">avisarte antes de que se almacene una cookie,<\/p><\/li><li data-start=\"5458\" data-end=\"5500\"><p data-start=\"5460\" data-end=\"5500\">o rechazar la instalaci\u00f3n de cookies.<\/p><\/li><\/ul><p data-start=\"5502\" data-end=\"5615\"><strong data-start=\"5502\" data-end=\"5517\">Ten en cuenta que<\/strong> algunas funciones del sitio pueden no estar disponibles si se desactivan las cookies.<\/p><p><b>2.5 Servicios que pueden tener acceso a tus datos<\/b><\/p><p data-start=\"5678\" data-end=\"5812\">Adem\u00e1s del formulario de contacto, otros servicios pueden estar presentes en este sitio y tener acceso limitado a determinados datos:<\/p><ul data-start=\"5813\" data-end=\"6081\"><li data-start=\"5813\" data-end=\"5829\"><p data-start=\"5815\" data-end=\"5829\">Fuentes Google<\/p><\/li><li data-start=\"5830\" data-end=\"5850\"><p data-start=\"5832\" data-end=\"5850\">Google Analytics<\/p><\/li><li data-start=\"5851\" data-end=\"5873\"><p data-start=\"5853\" data-end=\"5873\">Google Tag Manager<\/p><\/li><li data-start=\"5874\" data-end=\"5883\"><p data-start=\"5876\" data-end=\"5883\">Aplasta<\/p><\/li><li data-start=\"5884\" data-end=\"5898\"><p data-start=\"5886\" data-end=\"5898\">Formador<\/p><\/li><li data-start=\"5899\" data-end=\"5911\"><p data-start=\"5901\" data-end=\"5911\">Puerta de Edad<\/p><\/li><li data-start=\"5912\" data-end=\"5921\"><p data-start=\"5914\" data-end=\"5921\">Chaty<\/p><\/li><li data-start=\"5922\" data-end=\"5935\"><p data-start=\"5924\" data-end=\"5935\">Foco<\/p><\/li><li data-start=\"5936\" data-end=\"5949\"><p data-start=\"5938\" data-end=\"5949\">ARMembers<\/p><\/li><li data-start=\"5950\" data-end=\"5967\"><p data-start=\"5952\" data-end=\"5967\">CalendarioDeEventos<\/p><\/li><li data-start=\"5968\" data-end=\"5979\"><p data-start=\"5970\" data-end=\"5979\">Tawk.to<\/p><\/li><li data-start=\"5980\" data-end=\"5993\"><p data-start=\"5982\" data-end=\"5993\">SmartSupp<\/p><\/li><li data-start=\"5994\" data-end=\"6007\"><p data-start=\"5996\" data-end=\"6007\">Unirse.chat<\/p><\/li><li data-start=\"6008\" data-end=\"6023\"><p data-start=\"6010\" data-end=\"6023\">WooCommerce<\/p><\/li><li data-start=\"6024\" data-end=\"6038\"><p data-start=\"6026\" data-end=\"6038\">M\u00e1s<\/p><\/li><li data-start=\"6039\" data-end=\"6049\"><p data-start=\"6041\" data-end=\"6049\">Raya<\/p><\/li><li data-start=\"6050\" data-end=\"6060\"><p data-start=\"6052\" data-end=\"6060\">Twilio<\/p><\/li><li data-start=\"6061\" data-end=\"6071\"><p data-start=\"6063\" data-end=\"6071\">PayPal<\/p><\/li><li data-start=\"6072\" data-end=\"6081\"><p data-start=\"6074\" data-end=\"6081\">Twint<\/p><\/li><\/ul>\t\t\t\t\t\t\t\t<\/div>\n\t\t\t\t<\/div>\n\t\t\t\t\t<\/div>\n\t\t<\/div>\n\t\t\t\t<div class=\" elementor-column elementor-col-16 elementor-top-column elementor-element elementor-element-3b1e856 elementor-hidden-tablet elementor-hidden-phone\" data-fullscreen-column-settings=\"{&quot;fullscreen&quot;:&quot;&quot;}\" data-id=\"3b1e856\" data-element_type=\"column\" data-e-type=\"column\">\n\t\t\t<div class=\"elementor-widget-wrap elementor-element-populated\">\n\t\t\t\t\t\t\t<\/div>\n\t\t<\/div>\n\t\t\t\t\t<\/div>\n\t\t<\/section>\n\t\t\t\t<\/div>\n\t\t","protected":false},"excerpt":{"rendered":"<p>Tus derechos y la protecci\u00f3n de datos 1. Tus derechos de protecci\u00f3n de datos 1.1 Derechos garantizados por la DPA: De conformidad con los art\u00edculos 25 y siguientes de la Ley Federal de Protecci\u00f3n de Datos (LFPD), tienes los siguientes derechos en relaci\u00f3n con tus datos personales: Derecho de acceso: puedes solicitar, en cualquier momento, [&hellip;]<\/p>\n","protected":false},"author":1,"featured_media":0,"parent":0,"menu_order":202,"comment_status":"closed","ping_status":"closed","template":"","meta":{"footnotes":""},"class_list":["post-81732","page","type-page","status-publish","hentry"],"_links":{"self":[{"href":"https:\/\/www.planeteconstructions.com\/es\/wp-json\/wp\/v2\/pages\/81732","targetHints":{"allow":["GET"]}}],"collection":[{"href":"https:\/\/www.planeteconstructions.com\/es\/wp-json\/wp\/v2\/pages"}],"about":[{"href":"https:\/\/www.planeteconstructions.com\/es\/wp-json\/wp\/v2\/types\/page"}],"author":[{"embeddable":true,"href":"https:\/\/www.planeteconstructions.com\/es\/wp-json\/wp\/v2\/users\/1"}],"replies":[{"embeddable":true,"href":"https:\/\/www.planeteconstructions.com\/es\/wp-json\/wp\/v2\/comments?post=81732"}],"version-history":[{"count":3,"href":"https:\/\/www.planeteconstructions.com\/es\/wp-json\/wp\/v2\/pages\/81732\/revisions"}],"predecessor-version":[{"id":83344,"href":"https:\/\/www.planeteconstructions.com\/es\/wp-json\/wp\/v2\/pages\/81732\/revisions\/83344"}],"wp:attachment":[{"href":"https:\/\/www.planeteconstructions.com\/es\/wp-json\/wp\/v2\/media?parent=81732"}],"curies":[{"name":"wp","href":"https:\/\/api.w.org\/{rel}","templated":true}]}}