{"id":81770,"date":"2024-11-12T08:33:09","date_gmt":"2024-11-12T08:33:09","guid":{"rendered":"https:\/\/planetemagicroad.com\/rechtliche-hinweise\/"},"modified":"2025-10-07T06:23:58","modified_gmt":"2025-10-07T06:23:58","slug":"rechtliche-hinweise","status":"publish","type":"page","link":"https:\/\/www.planeteconstructions.com\/de\/rechtliche-hinweise\/","title":{"rendered":"RECHTLICHE HINWEISE"},"content":{"rendered":"\t\t<div data-elementor-type=\"wp-page\" data-elementor-id=\"81770\" class=\"elementor elementor-81770 elementor-81761\" data-elementor-post-type=\"page\">\n\t\t\t\t\t\t<section class=\"elementor-section elementor-top-section elementor-element elementor-element-88aeed4 elementor-section-boxed elementor-section-height-default elementor-section-height-default\" data-id=\"88aeed4\" data-element_type=\"section\" data-e-type=\"section\">\n\t\t\t\t\t\t<div class=\"elementor-container elementor-column-gap-default\">\n\t\t\t\t\t<div class=\" elementor-column elementor-col-33 elementor-top-column elementor-element elementor-element-ab82046\" data-fullscreen-column-settings=\"{&quot;fullscreen&quot;:&quot;&quot;}\" data-id=\"ab82046\" data-element_type=\"column\" data-e-type=\"column\">\n\t\t\t<div class=\"elementor-widget-wrap\">\n\t\t\t\t\t\t\t<\/div>\n\t\t<\/div>\n\t\t\t\t<div class=\" elementor-column elementor-col-33 elementor-top-column elementor-element elementor-element-5968989\" data-fullscreen-column-settings=\"{&quot;fullscreen&quot;:&quot;&quot;}\" data-id=\"5968989\" data-element_type=\"column\" data-e-type=\"column\">\n\t\t\t<div class=\"elementor-widget-wrap elementor-element-populated\">\n\t\t\t\t\t\t<div class=\"elementor-element elementor-element-01c89b7 elementor-widget elementor-widget-litho-heading\" data-id=\"01c89b7\" data-element_type=\"widget\" data-e-type=\"widget\" data-widget_type=\"litho-heading.default\">\n\t\t\t\t<div class=\"elementor-widget-container\">\n\t\t\t\t\t<h6 class=\"litho-heading elementor-size-default\"><span class=\"litho-primary-title\">Eigentum der Website<\/span><\/h6>\t\t\t\t<\/div>\n\t\t\t\t<\/div>\n\t\t\t\t<div class=\"elementor-element elementor-element-26420ef elementor-widget elementor-widget-text-editor\" data-id=\"26420ef\" data-element_type=\"widget\" data-e-type=\"widget\" data-widget_type=\"text-editor.default\">\n\t\t\t\t<div class=\"elementor-widget-container\">\n\t\t\t\t\t\t\t\t\t<p>Die Website ist Eigentum des Unternehmens <strong data-start=\"255\" data-end=\"285\">PLANETE CONSTRUCTIONS S\u00e0rl<\/strong>, mit Sitz in Sion, unter der Nummer CHE-114.922.314.<\/p>\t\t\t\t\t\t\t\t<\/div>\n\t\t\t\t<\/div>\n\t\t\t\t<div class=\"elementor-element elementor-element-447ed8c elementor-widget elementor-widget-litho-heading\" data-id=\"447ed8c\" data-element_type=\"widget\" data-e-type=\"widget\" data-widget_type=\"litho-heading.default\">\n\t\t\t\t<div class=\"elementor-widget-container\">\n\t\t\t\t\t<h6 class=\"litho-heading elementor-size-default\"><span class=\"litho-primary-title\">RECHTSGRUNDLAGEN<\/span><\/h6>\t\t\t\t<\/div>\n\t\t\t\t<\/div>\n\t\t\t\t<div class=\"elementor-element elementor-element-3abd8eb elementor-widget elementor-widget-text-editor\" data-id=\"3abd8eb\" data-element_type=\"widget\" data-e-type=\"widget\" data-widget_type=\"text-editor.default\">\n\t\t\t\t<div class=\"elementor-widget-container\">\n\t\t\t\t\t\t\t\t\t<p><strong>2 &#8211; Rechtliche Hinweise<\/strong><br>Der Eigent\u00fcmer der Website garantiert weder die Vollst\u00e4ndigkeit noch die Richtigkeit der auf der Plattform verbreiteten Informationen.<br data-start=\"516\" data-end=\"519\">Die gesammelten pers\u00f6nlichen Daten werden ausschlie\u00dflich verwendet, um Ihre Anfragen zu beantworten oder Ihnen Informationen \u00fcber die von der Gesellschaft angebotenen Dienstleistungen zukommen zu lassen.<br data-start=\"702\" data-end=\"705\">Diese Informationen werden unter keinen Umst\u00e4nden an Dritte verkauft, vermietet oder weitergegeben.<br data-start=\"787\" data-end=\"790\">Die vom Server gesammelten Daten k\u00f6nnen nur f\u00fcr allgemeine statistische Zwecke ausgewertet werden, um die Qualit\u00e4t der Website kontinuierlich zu verbessern.<br data-start=\"951\" data-end=\"954\">Wenn Links zu Websites Dritter angeboten werden, \u00fcbernimmt der Eigent\u00fcmer keine Verantwortung f\u00fcr den Inhalt oder die Datenschutzpraktiken dieser externen Websites.<\/p><p><strong>3 &#8211; Anwendbarer Rechtsrahmen:<\/strong><br><strong>3.1<\/strong> Dieser rechtliche Hinweis unterliegt der Schweizer Gesetzgebung und ist entsprechend auszulegen.<br> 3<strong>.2<\/strong> Das <strong data-start=\"1325\" data-end=\"1377\">Bundesgesetz \u00fcber den Datenschutz (DSG)<\/strong> ist die gesetzliche Grundlage f\u00fcr den Umgang mit pers\u00f6nlichen Daten.<br data-start=\"1449\" data-end=\"1452\">Gesetzestext: https: <a class=\"decorated-link\" href=\"https:\/\/www.fedlex.admin.ch\/eli\/cc\/2022\/491\/fr\" target=\"_new\" rel=\"noopener\" data-start=\"1467\" data-end=\"1563\">\/\/www.fedlex.admin.ch\/eli\/cc\/2022\/491\/fr<\/a><\/p><p><strong>4 &#8211; Zust\u00e4ndiges Gericht<\/strong><br>Im Falle eines Rechtsstreits sind die ordentlichen Gerichte am eingetragenen Sitz der Gesellschaft (siehe Punkt 1) ausschlie\u00dflich zust\u00e4ndig.<\/p>\t\t\t\t\t\t\t\t<\/div>\n\t\t\t\t<\/div>\n\t\t\t\t<div class=\"elementor-element elementor-element-8961ac2 elementor-widget elementor-widget-litho-heading\" data-id=\"8961ac2\" data-element_type=\"widget\" data-e-type=\"widget\" data-widget_type=\"litho-heading.default\">\n\t\t\t\t<div class=\"elementor-widget-container\">\n\t\t\t\t\t<h6 class=\"litho-heading elementor-size-default\"><span class=\"litho-primary-title\">KONTAKT UND STANDORT DER SERVER<\/span><\/h6>\t\t\t\t<\/div>\n\t\t\t\t<\/div>\n\t\t\t\t<div class=\"elementor-element elementor-element-ac7ede6 elementor-widget elementor-widget-text-editor\" data-id=\"ac7ede6\" data-element_type=\"widget\" data-e-type=\"widget\" data-widget_type=\"text-editor.default\">\n\t\t\t\t<div class=\"elementor-widget-container\">\n\t\t\t\t\t\t\t\t\t<p><strong>5 &#8211; Technische Unterst\u00fctzung und Design<\/strong><br>Die grafische und technische Entwicklung der Website wird von <a href=\"http:\/\/www.inod-ia.com\"><span style=\"color: #0062af;\"><strong>INODIA<\/strong><\/span><\/a> <strong data-start=\"1846\" data-end=\"1892\">Co., Ltd &#8211; International Web Agency<\/strong>.<\/p><p>Kontakt : <a class=\"decorated-link cursor-pointer\" href=\"mailto:info@inod-ia.com\" rel=\"noopener\" data-start=\"1906\" data-end=\"1922\"><span style=\"color: #0062af;\">info@inod-ia.com<\/span><\/a><\/p><p><strong>6 &#8211; Hosting<\/strong><br>Infomaniak S.A., 25 Eug\u00e8ne-Marziano, 1227 Les Acacias, www.infomaniak.com<\/p>\t\t\t\t\t\t\t\t<\/div>\n\t\t\t\t<\/div>\n\t\t\t\t<div class=\"elementor-element elementor-element-0cb05c6 elementor-widget elementor-widget-litho-heading\" data-id=\"0cb05c6\" data-element_type=\"widget\" data-e-type=\"widget\" data-widget_type=\"litho-heading.default\">\n\t\t\t\t<div class=\"elementor-widget-container\">\n\t\t\t\t\t<h6 class=\"litho-heading elementor-size-default\"><span class=\"litho-primary-title\">GEISTIGES EIGENTUM, F\u00c4LSCHUNG UND URHEBERRECHT<\/span><\/h6>\t\t\t\t<\/div>\n\t\t\t\t<\/div>\n\t\t\t\t<div class=\"elementor-element elementor-element-10abdfe elementor-widget elementor-widget-text-editor\" data-id=\"10abdfe\" data-element_type=\"widget\" data-e-type=\"widget\" data-widget_type=\"text-editor.default\">\n\t\t\t\t<div class=\"elementor-widget-container\">\n\t\t\t\t\t\t\t\t\t<p><strong>7 &#8211; Geistiges Eigentum und F\u00e4lschungen<\/strong><br>Der Eigent\u00fcmer dieser Website besitzt die Rechte am <strong>geistigen Eigentum<\/strong> und die Nutzungsrechte f\u00fcr alle auf der Website zug\u00e4nglichen Elemente, insbesondere: Texte, Bilder, Grafiken, Logos, Icons usw. <a href=\"http:\/\/www.inod-ia.com\"><span style=\"color: #0062af;\"><strong>INODIA<\/strong><\/span><\/a> Co.,Ltd ist Inhaber der Rechte am geistigen Eigentum f\u00fcr das Design und die Struktur der Website. Jede Vervielf\u00e4ltigung, Darstellung, \u00c4nderung, Ver\u00f6ffentlichung und Anpassung aller oder eines Teils der Elemente der Website, unabh\u00e4ngig von den verwendeten Mitteln oder Verfahren, ist ohne vorherige schriftliche Genehmigung der Eigent\u00fcmer dieser Website untersagt. Jede nicht genehmigte Nutzung der Website oder eines ihrer Elemente wird als F\u00e4lschung angesehen und entsprechend den gesetzlichen Bestimmungen verfolgt.  <\/p><p><strong>8 &#8211; Urheberrecht<\/strong><br>Die Elemente dieser Website sind Eigentum von INODIA. <span style=\"color: #0062af;\"><strong><a>INODIA <\/a><\/strong><\/span>und ihres Autors und unterliegen der internationalen Gesetzgebung \u00fcber das Urheberrecht, das Markenrecht und im Allgemeinen \u00fcber das geistige Eigentum. Der Herausgeber der Website kann in keinem Fall f\u00fcr die Verletzung von Bildrechten und Urheberrechten in Bezug auf die auf der Website enthaltenen Elemente haftbar gemacht werden. Ausnahmsweise sind bestimmte Inhalte (Texte, Bilder) das Eigentum ihrer jeweiligen Autoren. Die vollst\u00e4ndige oder teilweise Vervielf\u00e4ltigung des Inhalts dieser Website auf einem beliebigen Tr\u00e4ger oder durch ein beliebiges Verfahren ist ohne die ausdr\u00fcckliche Genehmigung des Autors untersagt. Die Nichtbeachtung dieses Verbots stellt eine F\u00e4lschung dar, f\u00fcr die der F\u00e4lscher zivil- und strafrechtlich haftbar gemacht werden kann.    <\/p>\t\t\t\t\t\t\t\t<\/div>\n\t\t\t\t<\/div>\n\t\t\t\t<div class=\"elementor-element elementor-element-85a5cf4 elementor-widget elementor-widget-litho-heading\" data-id=\"85a5cf4\" data-element_type=\"widget\" data-e-type=\"widget\" data-widget_type=\"litho-heading.default\">\n\t\t\t\t<div class=\"elementor-widget-container\">\n\t\t\t\t\t<h6 class=\"litho-heading elementor-size-default\"><span class=\"litho-primary-title\">VERBINDUNGEN UND VERANTWORTLICHKEITEN<\/span><\/h6>\t\t\t\t<\/div>\n\t\t\t\t<\/div>\n\t\t\t\t<div class=\"elementor-element elementor-element-7794b10 elementor-widget elementor-widget-text-editor\" data-id=\"7794b10\" data-element_type=\"widget\" data-e-type=\"widget\" data-widget_type=\"text-editor.default\">\n\t\t\t\t<div class=\"elementor-widget-container\">\n\t\t\t\t\t\t\t\t\t<p><strong>9 &#8211; Hyperlinks<\/strong><br>Die Website kann Links zu externen Websites enthalten.<br data-start=\"3635\" data-end=\"3638\">Der Eigent\u00fcmer und Herausgeber \u00fcbt keine Kontrolle \u00fcber diese Plattformen aus und lehnt jede Verantwortung f\u00fcr deren Inhalt ab.<\/p><p><strong>10 &#8211; Haftungsbeschr\u00e4nkung<\/strong><br>Der Eigent\u00fcmer und der Herausgeber \u00fcbernehmen keine Gew\u00e4hr f\u00fcr die Richtigkeit, Aktualit\u00e4t, Zuverl\u00e4ssigkeit oder Vollst\u00e4ndigkeit der Informationen auf der Website.<br data-start=\"3959\" data-end=\"3962\">Anspr\u00fcche f\u00fcr materielle oder immaterielle Sch\u00e4den, die sich aus Fehlern, technischen M\u00e4ngeln oder ver\u00f6ffentlichten Informationen ergeben, sind ausgeschlossen.<br data-start=\"4100\" data-end=\"4103\">Der Eigent\u00fcmer beh\u00e4lt sich das Recht vor, die gesamte Website oder Teile davon ohne vorherige Ank\u00fcndigung zu \u00e4ndern, vor\u00fcbergehend auszusetzen oder endg\u00fcltig einzustellen.<\/p>\t\t\t\t\t\t\t\t<\/div>\n\t\t\t\t<\/div>\n\t\t\t\t<div class=\"elementor-element elementor-element-6b7daac elementor-widget elementor-widget-litho-heading\" data-id=\"6b7daac\" data-element_type=\"widget\" data-e-type=\"widget\" data-widget_type=\"litho-heading.default\">\n\t\t\t\t<div class=\"elementor-widget-container\">\n\t\t\t\t\t<h6 class=\"litho-heading elementor-size-default\"><span class=\"litho-primary-title\">\u00c4NDERUNGEN UND REVISIONEN<\/span><\/h6>\t\t\t\t<\/div>\n\t\t\t\t<\/div>\n\t\t\t\t<div class=\"elementor-element elementor-element-b5841b9 elementor-widget elementor-widget-text-editor\" data-id=\"b5841b9\" data-element_type=\"widget\" data-e-type=\"widget\" data-widget_type=\"text-editor.default\">\n\t\t\t\t<div class=\"elementor-widget-container\">\n\t\t\t\t\t\t\t\t\t<strong>11. \u00c4nderungen der rechtlichen<\/strong> Hinweise\nDiese rechtlichen Hinweise und die Datenschutzrichtlinie k\u00f6nnen jederzeit ge\u00e4ndert werden.<br data-start=\"4424\" data-end=\"4427\">Wir empfehlen Ihnen, sie regelm\u00e4\u00dfig zu lesen, um \u00fcber Aktualisierungen informiert zu bleiben.\n\n<strong>12. \u00dcberarbeitungen<\/strong>\n01.09.2023: Anpassungen in Verbindung mit dem neuen Schweizer DSG 2023\n27.11.2023: Hinzuf\u00fcgen der Liste der Dienste, die auf Ihre Daten zugreifen k\u00f6nnen &amp; Hinzuf\u00fcgen Ihrer Rechte\n23.02.2024: Trennung der <a href=\"https:\/\/www.planeteconstructions.com\/de\/datenschutzpolitik\/\"><span style=\"color: #0062af;\">Datenschutzrichtlinie<\/span><\/a> (die vollst\u00e4ndig Teil dieser rechtlichen Hinweise ist)\t\t\t\t\t\t\t\t<\/div>\n\t\t\t\t<\/div>\n\t\t\t\t<div class=\"elementor-element elementor-element-efe6313 elementor-widget elementor-widget-litho-heading\" data-id=\"efe6313\" data-element_type=\"widget\" data-e-type=\"widget\" data-widget_type=\"litho-heading.default\">\n\t\t\t\t<div class=\"elementor-widget-container\">\n\t\t\t\t\t<h6 class=\"litho-heading elementor-size-default\"><span class=\"litho-primary-title\">AKTUELLE AUSGABE<\/span><\/h6>\t\t\t\t<\/div>\n\t\t\t\t<\/div>\n\t\t\t\t<div class=\"elementor-element elementor-element-ba922ac elementor-widget elementor-widget-text-editor\" data-id=\"ba922ac\" data-element_type=\"widget\" data-e-type=\"widget\" data-widget_type=\"text-editor.default\">\n\t\t\t\t<div class=\"elementor-widget-container\">\n\t\t\t\t\t\t\t\t\t<p>Revision vom 18.11.2024<\/p>\t\t\t\t\t\t\t\t<\/div>\n\t\t\t\t<\/div>\n\t\t\t\t\t<\/div>\n\t\t<\/div>\n\t\t\t\t<div class=\" elementor-column elementor-col-33 elementor-top-column elementor-element elementor-element-b764c9e\" data-fullscreen-column-settings=\"{&quot;fullscreen&quot;:&quot;&quot;}\" data-id=\"b764c9e\" data-element_type=\"column\" data-e-type=\"column\">\n\t\t\t<div class=\"elementor-widget-wrap\">\n\t\t\t\t\t\t\t<\/div>\n\t\t<\/div>\n\t\t\t\t\t<\/div>\n\t\t<\/section>\n\t\t\t\t<\/div>\n\t\t","protected":false},"excerpt":{"rendered":"<p>Eigentum der Website Die Website ist Eigentum des Unternehmens PLANETE CONSTRUCTIONS S\u00e0rl, mit Sitz in Sion, unter der Nummer CHE-114.922.314. RECHTSGRUNDLAGEN 2 &#8211; Rechtliche HinweiseDer Eigent\u00fcmer der Website garantiert weder die Vollst\u00e4ndigkeit noch die Richtigkeit der auf der Plattform verbreiteten Informationen.Die gesammelten pers\u00f6nlichen Daten werden ausschlie\u00dflich verwendet, um Ihre Anfragen zu beantworten oder Ihnen Informationen [&hellip;]<\/p>\n","protected":false},"author":1,"featured_media":0,"parent":0,"menu_order":0,"comment_status":"closed","ping_status":"closed","template":"","meta":{"footnotes":""},"class_list":["post-81770","page","type-page","status-publish","hentry"],"_links":{"self":[{"href":"https:\/\/www.planeteconstructions.com\/de\/wp-json\/wp\/v2\/pages\/81770","targetHints":{"allow":["GET"]}}],"collection":[{"href":"https:\/\/www.planeteconstructions.com\/de\/wp-json\/wp\/v2\/pages"}],"about":[{"href":"https:\/\/www.planeteconstructions.com\/de\/wp-json\/wp\/v2\/types\/page"}],"author":[{"embeddable":true,"href":"https:\/\/www.planeteconstructions.com\/de\/wp-json\/wp\/v2\/users\/1"}],"replies":[{"embeddable":true,"href":"https:\/\/www.planeteconstructions.com\/de\/wp-json\/wp\/v2\/comments?post=81770"}],"version-history":[{"count":4,"href":"https:\/\/www.planeteconstructions.com\/de\/wp-json\/wp\/v2\/pages\/81770\/revisions"}],"predecessor-version":[{"id":83351,"href":"https:\/\/www.planeteconstructions.com\/de\/wp-json\/wp\/v2\/pages\/81770\/revisions\/83351"}],"wp:attachment":[{"href":"https:\/\/www.planeteconstructions.com\/de\/wp-json\/wp\/v2\/media?parent=81770"}],"curies":[{"name":"wp","href":"https:\/\/api.w.org\/{rel}","templated":true}]}}