{"id":81736,"date":"2020-02-06T08:17:05","date_gmt":"2020-02-06T08:17:05","guid":{"rendered":"https:\/\/planetemagicroad.com\/datenschutzpolitik\/"},"modified":"2025-09-16T10:22:19","modified_gmt":"2025-09-16T10:22:19","slug":"datenschutzpolitik","status":"publish","type":"page","link":"https:\/\/www.planeteconstructions.com\/de\/datenschutzpolitik\/","title":{"rendered":"DATENSCHUTZPOLITIK"},"content":{"rendered":"\t\t<div data-elementor-type=\"wp-page\" data-elementor-id=\"81736\" class=\"elementor elementor-81736 elementor-3\" data-elementor-post-type=\"page\">\n\t\t\t\t\t\t<section class=\"elementor-section elementor-top-section elementor-element elementor-element-642a197d elementor-section-boxed elementor-section-height-default elementor-section-height-default\" data-id=\"642a197d\" data-element_type=\"section\" data-e-type=\"section\">\n\t\t\t\t\t\t<div class=\"elementor-container elementor-column-gap-default\">\n\t\t\t\t\t<div class=\" elementor-column elementor-col-16 elementor-top-column elementor-element elementor-element-76e2ec6b elementor-hidden-tablet elementor-hidden-phone\" data-fullscreen-column-settings=\"{&quot;fullscreen&quot;:&quot;&quot;}\" data-id=\"76e2ec6b\" data-element_type=\"column\" data-e-type=\"column\">\n\t\t\t<div class=\"elementor-widget-wrap\">\n\t\t\t\t\t\t\t<\/div>\n\t\t<\/div>\n\t\t\t\t<div class=\" elementor-column elementor-col-66 elementor-top-column elementor-element elementor-element-90f3c64\" data-fullscreen-column-settings=\"{&quot;fullscreen&quot;:&quot;&quot;}\" data-id=\"90f3c64\" data-element_type=\"column\" data-e-type=\"column\">\n\t\t\t<div class=\"elementor-widget-wrap elementor-element-populated\">\n\t\t\t\t\t\t<div class=\"elementor-element elementor-element-59f0680 elementor-widget elementor-widget-litho-heading\" data-id=\"59f0680\" data-element_type=\"widget\" data-e-type=\"widget\" data-widget_type=\"litho-heading.default\">\n\t\t\t\t<div class=\"elementor-widget-container\">\n\t\t\t\t\t<h6 class=\"litho-heading elementor-size-default\"><span class=\"litho-primary-title\">Ihre Rechte und Datenschutz<\/span><\/h6>\t\t\t\t<\/div>\n\t\t\t\t<\/div>\n\t\t\t\t<div class=\"elementor-element elementor-element-cc874a4 elementor-widget elementor-widget-text-editor\" data-id=\"cc874a4\" data-element_type=\"widget\" data-e-type=\"widget\" data-widget_type=\"text-editor.default\">\n\t\t\t\t<div class=\"elementor-widget-container\">\n\t\t\t\t\t\t\t\t\t<hr><p><strong>1. Ihre Rechte in Bezug auf den Datenschutz<\/strong><\/p><p class=\"my-paragraphe\"><b>1.1<\/b> <strong>Durch das DSG garantierte Rechte: <\/strong> <\/p><p data-start=\"325\" data-end=\"499\">Gem\u00e4\u00df Artikel 25 ff. des <strong data-start=\"372\" data-end=\"424\">Bundesgesetzes \u00fcber den Datenschutz (DSG)<\/strong> haben Sie die folgenden Rechte in Bezug auf Ihre pers\u00f6nlichen Daten:<\/p><ul data-start=\"501\" data-end=\"1715\"><li data-start=\"501\" data-end=\"644\"><p data-start=\"503\" data-end=\"644\"><strong data-start=\"503\" data-end=\"520\">Recht auf Zugang<\/strong>: Sie k\u00f6nnen jederzeit Auskunft dar\u00fcber verlangen, welche personenbezogenen Daten \u00fcber Sie gesammelt und verarbeitet werden.<\/p><\/li><li data-start=\"645\" data-end=\"758\"><p data-start=\"647\" data-end=\"758\"><strong data-start=\"647\" data-end=\"672\">Recht auf Information<\/strong>: Sie haben das Recht, \u00fcber die Verwendung Ihrer Daten informiert zu werden.<\/p><\/li><li data-start=\"759\" data-end=\"903\"><p data-start=\"761\" data-end=\"903\"><strong data-start=\"761\" data-end=\"797\">Recht auf Widerruf der Einwilligung<\/strong>: Wenn Ihre Daten auf der Grundlage Ihrer Einwilligung verarbeitet werden, k\u00f6nnen Sie diese jederzeit widerrufen.<\/p><\/li><li data-start=\"904\" data-end=\"1014\"><p data-start=\"906\" data-end=\"1014\"><strong data-start=\"906\" data-end=\"928\">Widerspruchsrecht<\/strong>: Sie k\u00f6nnen jederzeit gegen die Verarbeitung Ihrer pers\u00f6nlichen Daten Widerspruch einlegen.<\/p><\/li><li data-start=\"1015\" data-end=\"1149\"><p data-start=\"1017\" data-end=\"1149\"><strong data-start=\"1017\" data-end=\"1043\">Recht auf Berichtigung<\/strong>: Sie haben das Recht, Ihre Daten berichtigen oder vervollst\u00e4ndigen zu lassen, wenn diese unrichtig oder unvollst\u00e4ndig sind.<\/p><\/li><li data-start=\"1150\" data-end=\"1306\"><p data-start=\"1152\" data-end=\"1306\"><strong data-start=\"1152\" data-end=\"1191\">Recht auf Einschr\u00e4nkung der Verarbeitung<\/strong>: Vorbehaltlich der gesetzlichen Bestimmungen k\u00f6nnen Sie verlangen, dass die Verarbeitung Ihrer Daten eingeschr\u00e4nkt wird.<\/p><\/li><li data-start=\"1307\" data-end=\"1481\"><p data-start=\"1309\" data-end=\"1481\"><strong data-start=\"1309\" data-end=\"1333\">Recht auf L\u00f6schung<\/strong>: Sie k\u00f6nnen die L\u00f6schung Ihrer pers\u00f6nlichen Daten verlangen, es sei denn, eine gesetzliche Verpflichtung oder ein berechtigtes Interesse rechtfertigt die Aufbewahrung.<\/p><\/li><li data-start=\"1482\" data-end=\"1715\"><p data-start=\"1484\" data-end=\"1715\"><strong data-start=\"1484\" data-end=\"1522\">Recht auf Daten\u00fcbertragbarkeit<\/strong>: Sie k\u00f6nnen die Aush\u00e4ndigung oder \u00dcbertragung Ihrer Daten in einem standardisierten elektronischen Format verlangen, wenn diese automatisiert und auf der Grundlage einer Einwilligung verarbeitet werden.<\/p><\/li><\/ul><p><b>1.2<\/b> <strong>Gesetzliche Grenzen:<\/strong><\/p><p>Bestimmte Rechte k\u00f6nnen im gesetzlich zul\u00e4ssigen Umfang eingeschr\u00e4nkt werden.<\/p><p><b>1.3 Kostenlose Aus\u00fcbung der Rechte:<\/b><\/p><p>Vorbehaltlich der gesetzlich vorgesehenen Ausnahmen ist die Aus\u00fcbung Ihrer Rechte kostenlos.<\/p><p><b>1.4 Verfahren zur Aus\u00fcbung Ihrer Rechte:<\/b><\/p><p data-start=\"2003\" data-end=\"2303\">Anfragen bez\u00fcglich der Aus\u00fcbung Ihrer Rechte m\u00fcssen an den <strong data-start=\"2079\" data-end=\"2120\">Verantwortlichen f\u00fcr die Datenverarbeitung<\/strong> gerichtet werden, der vom Eigent\u00fcmer der Website benannt wurde.<br data-start=\"2158\" data-end=\"2161\">Wenn kein Verantwortlicher benannt wurde, kann die Anfrage direkt an den Eigent\u00fcmer der Website weitergeleitet werden (siehe Artikel 1 der <a href=\"https:\/\/www.planeteconstructions.com\/de\/rechtliche-hinweise\/\">rechtlichen Hinweise<\/a>).<\/p>\t\t\t\t\t\t\t\t<\/div>\n\t\t\t\t<\/div>\n\t\t\t\t<div class=\"elementor-element elementor-element-7875983 elementor-widget elementor-widget-litho-heading\" data-id=\"7875983\" data-element_type=\"widget\" data-e-type=\"widget\" data-widget_type=\"litho-heading.default\">\n\t\t\t\t<div class=\"elementor-widget-container\">\n\t\t\t\t\t<h6 class=\"litho-heading elementor-size-default\"><span class=\"litho-primary-title\">Datenschutz und Sicherheit<\/span><\/h6>\t\t\t\t<\/div>\n\t\t\t\t<\/div>\n\t\t\t\t<div class=\"elementor-element elementor-element-95e5efb elementor-widget elementor-widget-text-editor\" data-id=\"95e5efb\" data-element_type=\"widget\" data-e-type=\"widget\" data-widget_type=\"text-editor.default\">\n\t\t\t\t<div class=\"elementor-widget-container\">\n\t\t\t\t\t\t\t\t\t<p><b>2.1 Externe Links<\/b><\/p><p data-start=\"2377\" data-end=\"2860\">Bei der Erstellung dieser Website wurden alle Links zu Websites Dritter sorgf\u00e4ltig auf illegale Inhalte \u00fcberpr\u00fcft.<br data-start=\"2538\" data-end=\"2541\">Wir haben jedoch keinen Einfluss auf die Inhalte dieser externen Websites.<br data-start=\"2621\" data-end=\"2624\">F\u00fcr diese Inhalte ist ausschlie\u00dflich der jeweilige Anbieter verantwortlich.<br data-start=\"2701\" data-end=\"2704\">Wenn Sie feststellen, dass ein Link zu einer illegalen Website f\u00fchrt, teilen Sie uns dies bitte mit, damit wir den Link \u00fcberpr\u00fcfen und gegebenenfalls entfernen k\u00f6nnen.<\/p><p><b>2.2 Sammlung und Nutzung von Informationen<\/b><\/p><p data-start=\"2918\" data-end=\"3064\">Sie k\u00f6nnen auf unserer Website navigieren, ohne pers\u00f6nliche Daten angeben zu m\u00fcssen.<br data-start=\"2999\" data-end=\"3002\">Bestimmte nicht identifizierbare technische Daten, wie z.B. :<\/p><ul data-start=\"3065\" data-end=\"3188\"><li data-start=\"3065\" data-end=\"3086\"><p data-start=\"3067\" data-end=\"3086\">Ihre IP-Adresse,<\/p><\/li><li data-start=\"3087\" data-end=\"3113\"><p data-start=\"3089\" data-end=\"3113\">den verwendeten Browser,<\/p><\/li><li data-start=\"3114\" data-end=\"3153\"><p data-start=\"3116\" data-end=\"3153\">das Datum und die Uhrzeit Ihres Besuchs,<\/p><\/li><li data-start=\"3154\" data-end=\"3188\"><p data-start=\"3156\" data-end=\"3188\">oder die zuletzt aufgerufene Seite,<\/p><\/li><\/ul><p data-start=\"3190\" data-end=\"3343\">k\u00f6nnen anonym gesammelt werden. Diese Informationen werden ausschlie\u00dflich zur Analyse von Trends und zur Verbesserung unserer Website verwendet. <\/p><p data-start=\"3345\" data-end=\"3795\">Um Ihre Privatsph\u00e4re zu sch\u00fctzen, anonymisiert die <strong data-start=\"3389\" data-end=\"3409\">Google Analytics-Funktion<\/strong> das letzte Oktett Ihrer IP-Adresse (<a class=\"decorated-link\" href=\"https:\/\/tinyurl.com\/yc8dwvnrp\" target=\"_new\" rel=\"noopener\" data-start=\"3458\" data-end=\"3514\"><span style=\"color: #0062af;\">weitere Informationen hier<\/span><\/a>).<br data-start=\"3516\" data-end=\"3519\">Sie k\u00f6nnen Google Analytics deaktivieren, indem Sie auf diesen Link klicken: <a class=\"decorated-link\" href=\"https:\/\/tinyurl.com\/5yujhb8c\" target=\"_new\" rel=\"noopener\" data-start=\"3585\" data-end=\"3644\"><span style=\"color: #0062af;\">Google Analytics deaktivieren.<\/span><\/a>.<br data-start=\"3645\" data-end=\"3648\">Ein &#8222;Opt-out&#8220;-Cookie wird dann auf Ihrem Ger\u00e4t installiert, um zu verhindern, dass Ihre Daten bei Ihren n\u00e4chsten Besuchen gesammelt werden.<\/p><p><b>2.3 Weitergabe von Daten an Dritte<\/b><\/p><p data-start=\"3849\" data-end=\"3962\">Die gesammelten Daten werden nicht verkauft, vermietet oder mit Dritten geteilt, au\u00dfer in den folgenden F\u00e4llen:<\/p><ul data-start=\"3963\" data-end=\"4206\"><li data-start=\"3963\" data-end=\"4101\"><p data-start=\"3965\" data-end=\"4101\">Wenn dies unbedingt erforderlich ist, um <strong data-start=\"4026\" data-end=\"4051\">externen Dienstleistern<\/strong> die Verarbeitung bestimmter Daten in unserem Auftrag zu erm\u00f6glichen.<\/p><\/li><li data-start=\"4102\" data-end=\"4206\"><p data-start=\"4104\" data-end=\"4206\">Diese Anbieter verpflichten sich, die Gesetze zum Datenschutz und zur Datensicherheit einzuhalten.<\/p><\/li><\/ul><p data-start=\"4208\" data-end=\"4238\"><strong data-start=\"4208\" data-end=\"4236\">Betroffene Dienstleister :<\/strong><\/p><ul data-start=\"4239\" data-end=\"4424\"><li data-start=\"4239\" data-end=\"4424\"><p data-start=\"4241\" data-end=\"4424\"><strong data-start=\"4241\" data-end=\"4256\">Google Inc<\/strong>. (Google Analytics &#8211; Besucherstatistik).<br data-start=\"4308\" data-end=\"4311\">Die Nutzungsbedingungen von Google finden Sie <a class=\"decorated-link\" href=\"https:\/\/policies.google.com\/terms?hl=fr&amp;gl=ch\" target=\"_new\" rel=\"noopener\" data-start=\"4369\" data-end=\"4421\">hier<\/a>.<\/p><\/li><\/ul><blockquote data-start=\"4426\" data-end=\"5079\"><p data-start=\"4428\" data-end=\"5079\"><strong data-start=\"4428\" data-end=\"4466\">Funktionsweise von Google Analytics<\/strong><br data-start=\"4466\" data-end=\"4469\">Google Analytics verwendet Cookies, um die Nutzung der Website zu analysieren. Die erzeugten Daten, einschlie\u00dflich Ihrer IP-Adresse, werden an einen Server von Google in den USA \u00fcbertragen und dort gespeichert.<br data-start=\"4674\" data-end=\"4677\">Google kann diese Informationen an Dritte weitergeben, wenn dies gesetzlich vorgeschrieben ist oder wenn diese Dritten die Daten im Auftrag von Google verarbeiten.<br data-start=\"4833\" data-end=\"4836\">Ihre IP-Adresse wird in keinem Fall mit anderen Daten von Google in Verbindung gebracht.<br data-start=\"4916\" data-end=\"4919\">Sie k\u00f6nnen die Installation der Cookies durch die Einstellungen Ihres Browsers verhindern. Es kann jedoch sein, dass einige Funktionen der Website eingeschr\u00e4nkt sind.  <\/p><\/blockquote><p data-start=\"5081\" data-end=\"5219\">Durch die Nutzung dieser Website erkl\u00e4ren Sie sich mit der Bearbeitung der \u00fcber Sie erhobenen Daten durch Google in der zuvor beschriebenen Art und Weise und zu dem zuvor benannten Zweck einverstanden.<\/p><p><b>2.4 Cookies<\/b><\/p><p data-start=\"5244\" data-end=\"5401\">Diese Website verwendet <strong data-start=\"5264\" data-end=\"5275\">Cookies<\/strong> (insbesondere \u00fcber Google Analytics), um Ihre Benutzererfahrung zu verbessern.<br data-start=\"5353\" data-end=\"5356\">Ihr Browser kann so eingestellt werden, dass er :<\/p><ul data-start=\"5402\" data-end=\"5500\"><li data-start=\"5402\" data-end=\"5457\"><p data-start=\"5404\" data-end=\"5457\">Sie zu warnen, bevor ein Cookie gespeichert wird,<\/p><\/li><li data-start=\"5458\" data-end=\"5500\"><p data-start=\"5460\" data-end=\"5500\">oder die Installation von Cookies ablehnen.<\/p><\/li><\/ul><p data-start=\"5502\" data-end=\"5615\"><strong data-start=\"5502\" data-end=\"5517\">Bitte beachten Sie, dass<\/strong> einige Funktionen der Website m\u00f6glicherweise nicht verf\u00fcgbar sind, wenn Cookies deaktiviert sind.<\/p><p><b>2.5 Dienste, die auf Ihre Daten zugreifen k\u00f6nnen<\/b><\/p><p data-start=\"5678\" data-end=\"5812\">Neben dem Kontaktformular k\u00f6nnen auch andere Dienste auf dieser Website vorhanden sein, die einen begrenzten Zugang zu bestimmten Daten haben:<\/p><ul data-start=\"5813\" data-end=\"6081\"><li data-start=\"5813\" data-end=\"5829\"><p data-start=\"5815\" data-end=\"5829\">Google Fonts<\/p><\/li><li data-start=\"5830\" data-end=\"5850\"><p data-start=\"5832\" data-end=\"5850\">Google Analytics<\/p><\/li><li data-start=\"5851\" data-end=\"5873\"><p data-start=\"5853\" data-end=\"5873\">Google Tag Manager<\/p><\/li><li data-start=\"5874\" data-end=\"5883\"><p data-start=\"5876\" data-end=\"5883\">Smush<\/p><\/li><li data-start=\"5884\" data-end=\"5898\"><p data-start=\"5886\" data-end=\"5898\">Forminator<\/p><\/li><li data-start=\"5899\" data-end=\"5911\"><p data-start=\"5901\" data-end=\"5911\">Age Gate<\/p><\/li><li data-start=\"5912\" data-end=\"5921\"><p data-start=\"5914\" data-end=\"5921\">Chaty<\/p><\/li><li data-start=\"5922\" data-end=\"5935\"><p data-start=\"5924\" data-end=\"5935\">Spotlight<\/p><\/li><li data-start=\"5936\" data-end=\"5949\"><p data-start=\"5938\" data-end=\"5949\">ARMembers<\/p><\/li><li data-start=\"5950\" data-end=\"5967\"><p data-start=\"5952\" data-end=\"5967\">EventCalendar<\/p><\/li><li data-start=\"5968\" data-end=\"5979\"><p data-start=\"5970\" data-end=\"5979\">Tawk.to<\/p><\/li><li data-start=\"5980\" data-end=\"5993\"><p data-start=\"5982\" data-end=\"5993\">SmartSupp<\/p><\/li><li data-start=\"5994\" data-end=\"6007\"><p data-start=\"5996\" data-end=\"6007\">Join.chat<\/p><\/li><li data-start=\"6008\" data-end=\"6023\"><p data-start=\"6010\" data-end=\"6023\">WooCommerce<\/p><\/li><li data-start=\"6024\" data-end=\"6038\"><p data-start=\"6026\" data-end=\"6038\">Yith Suite<\/p><\/li><li data-start=\"6039\" data-end=\"6049\"><p data-start=\"6041\" data-end=\"6049\">Stripe<\/p><\/li><li data-start=\"6050\" data-end=\"6060\"><p data-start=\"6052\" data-end=\"6060\">Twilio<\/p><\/li><li data-start=\"6061\" data-end=\"6071\"><p data-start=\"6063\" data-end=\"6071\">PayPal<\/p><\/li><li data-start=\"6072\" data-end=\"6081\"><p data-start=\"6074\" data-end=\"6081\">Twint<\/p><\/li><\/ul>\t\t\t\t\t\t\t\t<\/div>\n\t\t\t\t<\/div>\n\t\t\t\t\t<\/div>\n\t\t<\/div>\n\t\t\t\t<div class=\" elementor-column elementor-col-16 elementor-top-column elementor-element elementor-element-3b1e856 elementor-hidden-tablet elementor-hidden-phone\" data-fullscreen-column-settings=\"{&quot;fullscreen&quot;:&quot;&quot;}\" data-id=\"3b1e856\" data-element_type=\"column\" data-e-type=\"column\">\n\t\t\t<div class=\"elementor-widget-wrap elementor-element-populated\">\n\t\t\t\t\t\t\t<\/div>\n\t\t<\/div>\n\t\t\t\t\t<\/div>\n\t\t<\/section>\n\t\t\t\t<\/div>\n\t\t","protected":false},"excerpt":{"rendered":"<p>Ihre Rechte und Datenschutz 1. Ihre Rechte in Bezug auf den Datenschutz 1.1 Durch das DSG garantierte Rechte: Gem\u00e4\u00df Artikel 25 ff. des Bundesgesetzes \u00fcber den Datenschutz (DSG) haben Sie die folgenden Rechte in Bezug auf Ihre pers\u00f6nlichen Daten: Recht auf Zugang: Sie k\u00f6nnen jederzeit Auskunft dar\u00fcber verlangen, welche personenbezogenen Daten \u00fcber Sie gesammelt und [&hellip;]<\/p>\n","protected":false},"author":1,"featured_media":0,"parent":0,"menu_order":202,"comment_status":"closed","ping_status":"closed","template":"","meta":{"footnotes":""},"class_list":["post-81736","page","type-page","status-publish","hentry"],"_links":{"self":[{"href":"https:\/\/www.planeteconstructions.com\/de\/wp-json\/wp\/v2\/pages\/81736","targetHints":{"allow":["GET"]}}],"collection":[{"href":"https:\/\/www.planeteconstructions.com\/de\/wp-json\/wp\/v2\/pages"}],"about":[{"href":"https:\/\/www.planeteconstructions.com\/de\/wp-json\/wp\/v2\/types\/page"}],"author":[{"embeddable":true,"href":"https:\/\/www.planeteconstructions.com\/de\/wp-json\/wp\/v2\/users\/1"}],"replies":[{"embeddable":true,"href":"https:\/\/www.planeteconstructions.com\/de\/wp-json\/wp\/v2\/comments?post=81736"}],"version-history":[{"count":3,"href":"https:\/\/www.planeteconstructions.com\/de\/wp-json\/wp\/v2\/pages\/81736\/revisions"}],"predecessor-version":[{"id":83339,"href":"https:\/\/www.planeteconstructions.com\/de\/wp-json\/wp\/v2\/pages\/81736\/revisions\/83339"}],"wp:attachment":[{"href":"https:\/\/www.planeteconstructions.com\/de\/wp-json\/wp\/v2\/media?parent=81736"}],"curies":[{"name":"wp","href":"https:\/\/api.w.org\/{rel}","templated":true}]}}